{"id":3432,"date":"2025-06-02T14:10:50","date_gmt":"2025-06-02T12:10:50","guid":{"rendered":"https:\/\/www.every-parts.com\/?page_id=3432"},"modified":"2025-07-25T15:30:19","modified_gmt":"2025-07-25T13:30:19","slug":"politique-de-securite","status":"publish","type":"page","link":"https:\/\/www.every-parts.com\/fr\/politique-de-securite\/","title":{"rendered":"Politique de S\u00e9curit\u00e9"},"content":{"rendered":"\t\t<div data-elementor-type=\"wp-page\" data-elementor-id=\"3432\" class=\"elementor elementor-3432\" data-elementor-post-type=\"page\">\n\t\t\t\t<div class=\"elementor-element elementor-element-323a074 e-flex e-con-boxed e-con e-parent\" data-id=\"323a074\" data-element_type=\"container\" data-e-type=\"container\" data-settings=\"{&quot;background_background&quot;:&quot;classic&quot;,&quot;jet_parallax_layout_list&quot;:[]}\">\n\t\t\t\t\t<div class=\"e-con-inner\">\n\t\t\t\t<div class=\"elementor-element elementor-element-6ca8c34 elementor-widget__width-inherit elementor-widget elementor-widget-heading\" data-id=\"6ca8c34\" data-element_type=\"widget\" data-e-type=\"widget\" data-widget_type=\"heading.default\">\n\t\t\t\t<div class=\"elementor-widget-container\">\n\t\t\t\t\t<h1 class=\"elementor-heading-title elementor-size-default\">Politique de S\u00e9curit\u00e9<\/h1>\t\t\t\t<\/div>\n\t\t\t\t<\/div>\n\t\t\t\t<div class=\"elementor-element elementor-element-2e1486e elementor-widget__width-inherit elementor-widget elementor-widget-image\" data-id=\"2e1486e\" data-element_type=\"widget\" data-e-type=\"widget\" data-no-translation=\"\" data-widget_type=\"image.default\">\n\t\t\t\t<div class=\"elementor-widget-container\">\n\t\t\t\t\t\t\t\t\t\t\t\t\t\t\t\t<a href=\"https:\/\/www.touchweb.fr\/cybersecurite-prestashop\/charte-cybersecurite-responsable\" target=\"_blank\">\n\t\t\t\t\t\t\t<img decoding=\"async\" width=\"150\" height=\"150\" src=\"https:\/\/www.every-parts.com\/wp-content\/uploads\/2025\/06\/cybersecurite-150x150.webp\" class=\"attachment-thumbnail size-thumbnail wp-image-3433\" alt=\"\" srcset=\"https:\/\/www.every-parts.com\/wp-content\/uploads\/2025\/06\/cybersecurite-150x150.webp 150w, https:\/\/www.every-parts.com\/wp-content\/uploads\/2025\/06\/cybersecurite-300x300.webp 300w, https:\/\/www.every-parts.com\/wp-content\/uploads\/2025\/06\/cybersecurite-1024x1024.webp 1024w, https:\/\/www.every-parts.com\/wp-content\/uploads\/2025\/06\/cybersecurite-768x768.webp 768w, https:\/\/www.every-parts.com\/wp-content\/uploads\/2025\/06\/cybersecurite-1536x1536.webp 1536w, https:\/\/www.every-parts.com\/wp-content\/uploads\/2025\/06\/cybersecurite-12x12.webp 12w, https:\/\/www.every-parts.com\/wp-content\/uploads\/2025\/06\/cybersecurite.webp 1600w\" sizes=\"(max-width: 150px) 100vw, 150px\" \/>\t\t\t\t\t\t\t\t<\/a>\n\t\t\t\t\t\t\t\t\t\t\t\t\t\t\t<\/div>\n\t\t\t\t<\/div>\n\t\t\t\t<div class=\"elementor-element elementor-element-0bd92b8 elementor-widget__width-inherit elementor-widget elementor-widget-image\" data-id=\"0bd92b8\" data-element_type=\"widget\" data-e-type=\"widget\" data-no-translation=\"\" data-widget_type=\"image.default\">\n\t\t\t\t<div class=\"elementor-widget-container\">\n\t\t\t\t\t<style>.elementor-element-0bd92b8{display:none !important}<\/style>\t\t\t\t<\/div>\n\t\t\t\t<\/div>\n\t\t\t\t<div class=\"elementor-element elementor-element-9e68736 elementor-widget__width-inherit elementor-widget elementor-widget-image\" data-id=\"9e68736\" data-element_type=\"widget\" data-e-type=\"widget\" data-no-translation=\"\" data-widget_type=\"image.default\">\n\t\t\t\t<div class=\"elementor-widget-container\">\n\t\t\t\t\t<style>.elementor-element-9e68736{display:none !important}<\/style>\t\t\t\t<\/div>\n\t\t\t\t<\/div>\n\t\t\t\t<div class=\"elementor-element elementor-element-93a5739 elementor-widget__width-inherit elementor-widget elementor-widget-text-editor\" data-id=\"93a5739\" data-element_type=\"widget\" data-e-type=\"widget\" data-widget_type=\"text-editor.default\">\n\t\t\t\t<div class=\"elementor-widget-container\">\n\t\t\t\t\t\t\t\t\t<div class=\"zpelement zpelem-text \" data-element-id=\"elm_SIqWr1jcYYdm1wdcfTRwVA\" data-element-type=\"text\"><div class=\"zptext zptext-align-left \" data-editor=\"true\"><h2>Signalement d&rsquo;une vuln\u00e9rabilit\u00e9<\/h2><p>La s\u00e9curit\u00e9 de nos modules et des solutions que nous d\u00e9veloppons pour nos clients est primordiale. C&rsquo;est pourquoi nous encourageons les chercheurs en s\u00e9curit\u00e9 \u00e0 mener des analyses sur nos solutions et \u00e0 nous signaler toute vuln\u00e9rabilit\u00e9 identifi\u00e9e, dans le respect des bonnes pratiques de divulgation responsable.<\/p><\/div><\/div>\t\t\t\t\t\t\t\t<\/div>\n\t\t\t\t<\/div>\n\t\t\t\t<div class=\"elementor-element elementor-element-36c56ab elementor-widget__width-inherit elementor-alert-info elementor-widget elementor-widget-alert\" data-id=\"36c56ab\" data-element_type=\"widget\" data-e-type=\"widget\" data-widget_type=\"alert.default\">\n\t\t\t\t<div class=\"elementor-widget-container\">\n\t\t\t\t\t\t\t<div class=\"elementor-alert\" role=\"alert\">\n\n\t\t\t\n\t\t\t\t\t\t<span class=\"elementor-alert-description\">Si vous pensez avoir d\u00e9couvert une vuln\u00e9rabilit\u00e9 dans l'un de nos modules, vous pouvez nous la signaler de mani\u00e8re responsable via notre <a href=\"\/fr\/demande-de-demo\/\" target=\"_blank\"> formulaire de contact <\/a><\/span>\n\t\t\t\n\t\t\t\n\t\t<\/div>\n\t\t\t\t\t\t<\/div>\n\t\t\t\t<\/div>\n\t\t\t\t<div class=\"elementor-element elementor-element-c0d6c6d elementor-widget__width-inherit elementor-widget elementor-widget-text-editor\" data-id=\"c0d6c6d\" data-element_type=\"widget\" data-e-type=\"widget\" data-widget_type=\"text-editor.default\">\n\t\t\t\t<div class=\"elementor-widget-container\">\n\t\t\t\t\t\t\t\t\t<p>Nous vous invitons \u00e0 nous fournir le plus de d\u00e9tails possible dans votre signalement :<\/p>\t\t\t\t\t\t\t\t<\/div>\n\t\t\t\t<\/div>\n\t\t\t\t<div class=\"elementor-element elementor-element-785b57b elementor-widget__width-inherit elementor-alert-info elementor-widget elementor-widget-alert\" data-id=\"785b57b\" data-element_type=\"widget\" data-e-type=\"widget\" data-widget_type=\"alert.default\">\n\t\t\t\t<div class=\"elementor-widget-container\">\n\t\t\t\t\t\t\t<div class=\"elementor-alert\" role=\"alert\">\n\n\t\t\t\t\t\t<span class=\"elementor-alert-title\">Informations essentielles \u00e0 inclure<\/span>\n\t\t\t\n\t\t\t\t\t\t<span class=\"elementor-alert-description\"><ul>\n<li><strong>Description d\u00e9taill\u00e9e :<\/strong>  Expliquez clairement la nature de la vuln\u00e9rabilit\u00e9 identifi\u00e9e <\/li>\n<li><strong>\u00c9valuation de l'impact :<\/strong>  D\u00e9crivez les cons\u00e9quences potentielles pour les utilisateurs ou les sites <\/li>\n<li><strong>Versions affect\u00e9es :<\/strong>  Pr\u00e9cisez les versions des modules concern\u00e9es par la vuln\u00e9rabilit\u00e9 <\/li>\n<li><strong>\u00c9tapes de reproduction :<\/strong>   Fournissez un guide \u00e9tape par \u00e9tape pour reproduire le probl\u00e8me<\/li>\n<li><strong>Preuves de concept :<\/strong>  Si possible, inclure des captures d'\u00e9cran ou des extraits de code pertinents\n<\/li><\/span>\n\t\t\t\n\t\t\t\n\t\t<\/div>\n\t\t\t\t\t\t<\/div>\n\t\t\t\t<\/div>\n\t\t\t\t<div class=\"elementor-element elementor-element-d36f1b8 elementor-widget elementor-widget-text-editor\" data-id=\"d36f1b8\" data-element_type=\"widget\" data-e-type=\"widget\" data-widget_type=\"text-editor.default\">\n\t\t\t\t<div class=\"elementor-widget-container\">\n\t\t\t\t\t\t\t\t\t<h2>Notre politique de gestion des vuln\u00e9rabilit\u00e9s<\/h2>\nConform\u00e9ment \u00e0 la <strong><a href=\"https:\/\/www.touchweb.fr\/cybersecurite-prestashop\/charte-cybersecurite-responsable\" target=\"_blank\" rel=\"noopener\">Charte TouchWeb pour une cybers\u00e9curit\u00e9 responsable<\/a><\/strong>, notre \u00e9quipe applique les principes suivants :\n<ul>\n \t<li>Accus\u00e9 de r\u00e9ception de tout signalement pertinent sous 7 jours maximum. (CVSS \u2265 7.5)<\/li>\n \t<li>Analyse d&rsquo;impact et planification d&rsquo;un correctif sous 30 jours maximum.<\/li>\n \t<li>Publication d&rsquo;un avis de s\u00e9curit\u00e9 avec CVE si le score CVSS est \u2265 7.5.<\/li>\n \t<li>Aucune correction ne sera publi\u00e9e de mani\u00e8re silencieuse.<\/li>\n<\/ul>\nEn parall\u00e8le, nous prenons les engagements suivants pour garantir une gestion responsable et \u00e9thique des vuln\u00e9rabilit\u00e9s :\n<ul>\n \t<li>Ne pas poursuivre les chercheurs agissant de bonne foi, notamment dans le cadre du programme YesWeHack g\u00e9r\u00e9 par TouchWeb SAS.<\/li>\n \t<li>Garantir qu&rsquo;aucun accord de confidentialit\u00e9, y compris en marque blanche, ne puisse entraver la publication transparente d&rsquo;un avis de s\u00e9curit\u00e9 avec identifiant CVE, dans le respect de l&rsquo;\u00e9tat de l&rsquo;Art.<\/li>\n<\/ul>\nNous avons bien conscience que cette transparence est essentielle pour permettre aux tiers concern\u00e9s (agences, marchands, etc.) de satisfaire \u00e0 leurs obligations de conformit\u00e9, notamment dans le cadre du standard PCI-DSS ou de l&rsquo;une de ses versions all\u00e9g\u00e9es, comme la SAQ-A.\n<h2>Autorisation de publication<\/h2>\nNous autorisons express\u00e9ment la soci\u00e9t\u00e9 TouchWeb SAS \u00e0 publier les informations relatives aux vuln\u00e9rabilit\u00e9s corrig\u00e9es de nos modules sur <strong><a tabindex=\"0\" role=\"link\" target=\"_blank\" data-obfs=\"https:\/\/www.touchweb.fr\/\" aria-label=\"Acc\u00e9der \u00e0 Touchweb\">son site officiel, conform\u00e9ment aux engagements de la Charte de cybers\u00e9curit\u00e9 responsable.<\/a><\/strong>\n\nCette publication comprend :\n<ul>\n \t<li>Un identifiant CVE associ\u00e9 \u00e0 la vuln\u00e9rabilit\u00e9.<\/li>\n \t<li>Une note de s\u00e9curit\u00e9 d\u00e9crivant clairement le probl\u00e8me et sa r\u00e9solution.<\/li>\n \t<li>Les versions concern\u00e9es et la version corrig\u00e9e.<\/li>\n \t<li>Un correctif facile \u00e0 d\u00e9ployer lorsque la mise \u00e0 jour n&rsquo;est pas possible.<\/li>\n \t<li>Toute information utile permettant aux utilisateurs et agences de se prot\u00e9ger rapidement.<\/li>\n<\/ul>\t\t\t\t\t\t\t\t<\/div>\n\t\t\t\t<\/div>\n\t\t\t\t<div class=\"elementor-element elementor-element-5c1d9a4 elementor-widget elementor-widget-html\" data-id=\"5c1d9a4\" data-element_type=\"widget\" data-e-type=\"widget\" data-widget_type=\"html.default\">\n\t\t\t\t<div class=\"elementor-widget-container\">\n\t\t\t\t\t<script>\r\nfunction activateLink($link) {\r\n  if (!$link.attr('href')) {\r\n    const url = $link.data('obfs');\r\n    if (url) {\r\n      $link.attr('href', url).removeAttr('data-obfs');\r\n    }\r\n  }\r\n}\r\n\r\njQuery(document).on('mouseenter focusin touchstart', function () {\r\n  jQuery('a[data-obfs]').each(function () {\r\n    activateLink(jQuery(this)); \r\n  });\r\n});\r\n\r\njQuery(document).on('click', 'a[data-obfs]', function () {\r\n  activateLink(jQuery(this)); \r\n});\r\n\r\n<\/script>\r\n\r\n\r\n<style>\r\nspan[data-obfs] {\r\n  text-decoration: none;\r\n  color: var(--e-global-color-primary);\r\n  cursor: pointer;\r\n  color: var(--e-global-color-secondary);\r\n}\r\n<\/style>\r\n\t\t\t\t<\/div>\n\t\t\t\t<\/div>\n\t\t\t\t\t<\/div>\n\t\t\t\t<\/div>\n\t\t\t\t<\/div>\n\t\t","protected":false},"excerpt":{"rendered":"<p>Signalement d&rsquo;une vuln\u00e9rabilit\u00e9 La s\u00e9curit\u00e9 de nos modules et des solutions que nous d\u00e9veloppons pour nos clients est primordiale. C&rsquo;est pourquoi nous encourageons les chercheurs en s\u00e9curit\u00e9 \u00e0 mener des analyses sur nos solutions et \u00e0 nous signaler toute vuln\u00e9rabilit\u00e9 identifi\u00e9e, dans le respect des bonnes pratiques de divulgation responsable. Si vous pensez avoir d\u00e9couvert [&hellip;]<\/p>\n","protected":false},"author":1,"featured_media":3433,"parent":0,"menu_order":0,"comment_status":"closed","ping_status":"closed","template":"","meta":{"footnotes":""},"class_list":["post-3432","page","type-page","status-publish","has-post-thumbnail","hentry"],"yoast_head":"<!-- This site is optimized with the Yoast SEO plugin v27.3 - https:\/\/yoast.com\/product\/yoast-seo-wordpress\/ -->\n<title>Politique de S\u00e9curit\u00e9 - EveryParts<\/title>\n<meta name=\"robots\" content=\"index, follow, max-snippet:-1, max-image-preview:large, max-video-preview:-1\" \/>\n<link rel=\"canonical\" href=\"https:\/\/www.every-parts.com\/fr\/politique-de-securite\/\" \/>\n<meta property=\"og:locale\" content=\"fr_FR\" \/>\n<meta property=\"og:type\" content=\"article\" \/>\n<meta property=\"og:title\" content=\"Politique de S\u00e9curit\u00e9 - EveryParts\" \/>\n<meta property=\"og:description\" content=\"Signalement d&rsquo;une vuln\u00e9rabilit\u00e9 La s\u00e9curit\u00e9 de nos modules et des solutions que nous d\u00e9veloppons pour nos clients est primordiale. C&rsquo;est pourquoi nous encourageons les chercheurs en s\u00e9curit\u00e9 \u00e0 mener des analyses sur nos solutions et \u00e0 nous signaler toute vuln\u00e9rabilit\u00e9 identifi\u00e9e, dans le respect des bonnes pratiques de divulgation responsable. Si vous pensez avoir d\u00e9couvert [&hellip;]\" \/>\n<meta property=\"og:url\" content=\"https:\/\/www.every-parts.com\/fr\/politique-de-securite\/\" \/>\n<meta property=\"og:site_name\" content=\"EveryParts\" \/>\n<meta property=\"article:modified_time\" content=\"2025-07-25T13:30:19+00:00\" \/>\n<meta property=\"og:image\" content=\"https:\/\/www.every-parts.com\/wp-content\/uploads\/2025\/06\/cybersecurite.webp\" \/>\n\t<meta property=\"og:image:width\" content=\"1600\" \/>\n\t<meta property=\"og:image:height\" content=\"1600\" \/>\n\t<meta property=\"og:image:type\" content=\"image\/webp\" \/>\n<meta name=\"twitter:card\" content=\"summary_large_image\" \/>\n<meta name=\"twitter:label1\" content=\"Dur\u00e9e de lecture estim\u00e9e\" \/>\n\t<meta name=\"twitter:data1\" content=\"3 minutes\" \/>\n<script type=\"application\/ld+json\" class=\"yoast-schema-graph\">{\"@context\":\"https:\\\/\\\/schema.org\",\"@graph\":[{\"@type\":\"WebPage\",\"@id\":\"https:\\\/\\\/www.every-parts.com\\\/politique-de-securite\\\/\",\"url\":\"https:\\\/\\\/www.every-parts.com\\\/politique-de-securite\\\/\",\"name\":\"Politique de S\u00e9curit\u00e9 - EveryParts\",\"isPartOf\":{\"@id\":\"https:\\\/\\\/www.every-parts.com\\\/#website\"},\"primaryImageOfPage\":{\"@id\":\"https:\\\/\\\/www.every-parts.com\\\/politique-de-securite\\\/#primaryimage\"},\"image\":{\"@id\":\"https:\\\/\\\/www.every-parts.com\\\/politique-de-securite\\\/#primaryimage\"},\"thumbnailUrl\":\"https:\\\/\\\/www.every-parts.com\\\/wp-content\\\/uploads\\\/2025\\\/06\\\/cybersecurite.webp\",\"datePublished\":\"2025-06-02T12:10:50+00:00\",\"dateModified\":\"2025-07-25T13:30:19+00:00\",\"breadcrumb\":{\"@id\":\"https:\\\/\\\/www.every-parts.com\\\/politique-de-securite\\\/#breadcrumb\"},\"inLanguage\":\"fr-FR\",\"potentialAction\":[{\"@type\":\"ReadAction\",\"target\":[\"https:\\\/\\\/www.every-parts.com\\\/politique-de-securite\\\/\"]}]},{\"@type\":\"ImageObject\",\"inLanguage\":\"fr-FR\",\"@id\":\"https:\\\/\\\/www.every-parts.com\\\/politique-de-securite\\\/#primaryimage\",\"url\":\"https:\\\/\\\/www.every-parts.com\\\/wp-content\\\/uploads\\\/2025\\\/06\\\/cybersecurite.webp\",\"contentUrl\":\"https:\\\/\\\/www.every-parts.com\\\/wp-content\\\/uploads\\\/2025\\\/06\\\/cybersecurite.webp\",\"width\":1600,\"height\":1600},{\"@type\":\"BreadcrumbList\",\"@id\":\"https:\\\/\\\/www.every-parts.com\\\/politique-de-securite\\\/#breadcrumb\",\"itemListElement\":[{\"@type\":\"ListItem\",\"position\":1,\"name\":\"Accueil\",\"item\":\"https:\\\/\\\/www.every-parts.com\\\/\"},{\"@type\":\"ListItem\",\"position\":2,\"name\":\"Politique de S\u00e9curit\u00e9\"}]},{\"@type\":\"WebSite\",\"@id\":\"https:\\\/\\\/www.every-parts.com\\\/#website\",\"url\":\"https:\\\/\\\/www.every-parts.com\\\/\",\"name\":\"EveryParts\",\"description\":\"\",\"publisher\":{\"@id\":\"https:\\\/\\\/www.every-parts.com\\\/#organization\"},\"potentialAction\":[{\"@type\":\"SearchAction\",\"target\":{\"@type\":\"EntryPoint\",\"urlTemplate\":\"https:\\\/\\\/www.every-parts.com\\\/?s={search_term_string}\"},\"query-input\":{\"@type\":\"PropertyValueSpecification\",\"valueRequired\":true,\"valueName\":\"search_term_string\"}}],\"inLanguage\":\"fr-FR\"},{\"@type\":\"Organization\",\"@id\":\"https:\\\/\\\/www.every-parts.com\\\/#organization\",\"name\":\"EveryParts\",\"url\":\"https:\\\/\\\/www.every-parts.com\\\/\",\"logo\":{\"@type\":\"ImageObject\",\"inLanguage\":\"fr-FR\",\"@id\":\"https:\\\/\\\/www.every-parts.com\\\/#\\\/schema\\\/logo\\\/image\\\/\",\"url\":\"https:\\\/\\\/www.every-parts.com\\\/wp-content\\\/uploads\\\/2024\\\/09\\\/logo-everyparts-darkgreen.png\",\"contentUrl\":\"https:\\\/\\\/www.every-parts.com\\\/wp-content\\\/uploads\\\/2024\\\/09\\\/logo-everyparts-darkgreen.png\",\"width\":1080,\"height\":208,\"caption\":\"EveryParts\"},\"image\":{\"@id\":\"https:\\\/\\\/www.every-parts.com\\\/#\\\/schema\\\/logo\\\/image\\\/\"}}]}<\/script>\n<!-- \/ Yoast SEO plugin. -->","yoast_head_json":{"title":"Politique de S\u00e9curit\u00e9 - EveryParts","robots":{"index":"index","follow":"follow","max-snippet":"max-snippet:-1","max-image-preview":"max-image-preview:large","max-video-preview":"max-video-preview:-1"},"canonical":"https:\/\/www.every-parts.com\/fr\/politique-de-securite\/","og_locale":"fr_FR","og_type":"article","og_title":"Politique de S\u00e9curit\u00e9 - EveryParts","og_description":"Signalement d&rsquo;une vuln\u00e9rabilit\u00e9 La s\u00e9curit\u00e9 de nos modules et des solutions que nous d\u00e9veloppons pour nos clients est primordiale. C&rsquo;est pourquoi nous encourageons les chercheurs en s\u00e9curit\u00e9 \u00e0 mener des analyses sur nos solutions et \u00e0 nous signaler toute vuln\u00e9rabilit\u00e9 identifi\u00e9e, dans le respect des bonnes pratiques de divulgation responsable. Si vous pensez avoir d\u00e9couvert [&hellip;]","og_url":"https:\/\/www.every-parts.com\/fr\/politique-de-securite\/","og_site_name":"EveryParts","article_modified_time":"2025-07-25T13:30:19+00:00","og_image":[{"width":1600,"height":1600,"url":"https:\/\/www.every-parts.com\/wp-content\/uploads\/2025\/06\/cybersecurite.webp","type":"image\/webp"}],"twitter_card":"summary_large_image","twitter_misc":{"Dur\u00e9e de lecture estim\u00e9e":"3 minutes"},"schema":{"@context":"https:\/\/schema.org","@graph":[{"@type":"WebPage","@id":"https:\/\/www.every-parts.com\/politique-de-securite\/","url":"https:\/\/www.every-parts.com\/politique-de-securite\/","name":"Politique de S\u00e9curit\u00e9 - EveryParts","isPartOf":{"@id":"https:\/\/www.every-parts.com\/#website"},"primaryImageOfPage":{"@id":"https:\/\/www.every-parts.com\/politique-de-securite\/#primaryimage"},"image":{"@id":"https:\/\/www.every-parts.com\/politique-de-securite\/#primaryimage"},"thumbnailUrl":"https:\/\/www.every-parts.com\/wp-content\/uploads\/2025\/06\/cybersecurite.webp","datePublished":"2025-06-02T12:10:50+00:00","dateModified":"2025-07-25T13:30:19+00:00","breadcrumb":{"@id":"https:\/\/www.every-parts.com\/politique-de-securite\/#breadcrumb"},"inLanguage":"fr-FR","potentialAction":[{"@type":"ReadAction","target":["https:\/\/www.every-parts.com\/politique-de-securite\/"]}]},{"@type":"ImageObject","inLanguage":"fr-FR","@id":"https:\/\/www.every-parts.com\/politique-de-securite\/#primaryimage","url":"https:\/\/www.every-parts.com\/wp-content\/uploads\/2025\/06\/cybersecurite.webp","contentUrl":"https:\/\/www.every-parts.com\/wp-content\/uploads\/2025\/06\/cybersecurite.webp","width":1600,"height":1600},{"@type":"BreadcrumbList","@id":"https:\/\/www.every-parts.com\/politique-de-securite\/#breadcrumb","itemListElement":[{"@type":"ListItem","position":1,"name":"Accueil","item":"https:\/\/www.every-parts.com\/"},{"@type":"ListItem","position":2,"name":"Politique de S\u00e9curit\u00e9"}]},{"@type":"WebSite","@id":"https:\/\/www.every-parts.com\/#website","url":"https:\/\/www.every-parts.com\/","name":"EveryParts","description":"","publisher":{"@id":"https:\/\/www.every-parts.com\/#organization"},"potentialAction":[{"@type":"SearchAction","target":{"@type":"EntryPoint","urlTemplate":"https:\/\/www.every-parts.com\/?s={search_term_string}"},"query-input":{"@type":"PropertyValueSpecification","valueRequired":true,"valueName":"search_term_string"}}],"inLanguage":"fr-FR"},{"@type":"Organization","@id":"https:\/\/www.every-parts.com\/#organization","name":"EveryParts","url":"https:\/\/www.every-parts.com\/","logo":{"@type":"ImageObject","inLanguage":"fr-FR","@id":"https:\/\/www.every-parts.com\/#\/schema\/logo\/image\/","url":"https:\/\/www.every-parts.com\/wp-content\/uploads\/2024\/09\/logo-everyparts-darkgreen.png","contentUrl":"https:\/\/www.every-parts.com\/wp-content\/uploads\/2024\/09\/logo-everyparts-darkgreen.png","width":1080,"height":208,"caption":"EveryParts"},"image":{"@id":"https:\/\/www.every-parts.com\/#\/schema\/logo\/image\/"}}]}},"_links":{"self":[{"href":"https:\/\/www.every-parts.com\/fr\/wp-json\/wp\/v2\/pages\/3432","targetHints":{"allow":["GET"]}}],"collection":[{"href":"https:\/\/www.every-parts.com\/fr\/wp-json\/wp\/v2\/pages"}],"about":[{"href":"https:\/\/www.every-parts.com\/fr\/wp-json\/wp\/v2\/types\/page"}],"author":[{"embeddable":true,"href":"https:\/\/www.every-parts.com\/fr\/wp-json\/wp\/v2\/users\/1"}],"replies":[{"embeddable":true,"href":"https:\/\/www.every-parts.com\/fr\/wp-json\/wp\/v2\/comments?post=3432"}],"version-history":[{"count":49,"href":"https:\/\/www.every-parts.com\/fr\/wp-json\/wp\/v2\/pages\/3432\/revisions"}],"predecessor-version":[{"id":3499,"href":"https:\/\/www.every-parts.com\/fr\/wp-json\/wp\/v2\/pages\/3432\/revisions\/3499"}],"wp:featuredmedia":[{"embeddable":true,"href":"https:\/\/www.every-parts.com\/fr\/wp-json\/wp\/v2\/media\/3433"}],"wp:attachment":[{"href":"https:\/\/www.every-parts.com\/fr\/wp-json\/wp\/v2\/media?parent=3432"}],"curies":[{"name":"wp","href":"https:\/\/api.w.org\/{rel}","templated":true}]}}