{"id":1616,"date":"2024-09-30T16:08:17","date_gmt":"2024-09-30T14:08:17","guid":{"rendered":"https:\/\/dev.every-parts.com\/?page_id=1616"},"modified":"2026-03-30T15:38:49","modified_gmt":"2026-03-30T13:38:49","slug":"mentions-legales","status":"publish","type":"page","link":"https:\/\/www.every-parts.com\/fr\/mentions-legales\/","title":{"rendered":"Mentions l\u00e9gales"},"content":{"rendered":"\t\t<div data-elementor-type=\"wp-page\" data-elementor-id=\"1616\" class=\"elementor elementor-1616\" data-elementor-post-type=\"page\">\n\t\t\t\t<div class=\"elementor-element elementor-element-323a074 e-flex e-con-boxed e-con e-parent\" data-id=\"323a074\" data-element_type=\"container\" data-e-type=\"container\" data-settings=\"{&quot;background_background&quot;:&quot;classic&quot;,&quot;jet_parallax_layout_list&quot;:[]}\">\n\t\t\t\t\t<div class=\"e-con-inner\">\n\t\t\t\t<div class=\"elementor-element elementor-element-6ca8c34 elementor-widget__width-inherit elementor-widget elementor-widget-heading\" data-id=\"6ca8c34\" data-element_type=\"widget\" data-e-type=\"widget\" data-widget_type=\"heading.default\">\n\t\t\t\t<div class=\"elementor-widget-container\">\n\t\t\t\t\t<h1 class=\"elementor-heading-title elementor-size-default\">Mentions l\u00e9gales<\/h1>\t\t\t\t<\/div>\n\t\t\t\t<\/div>\n\t\t\t\t<div class=\"elementor-element elementor-element-93a5739 elementor-widget__width-inherit elementor-widget elementor-widget-text-editor\" data-id=\"93a5739\" data-element_type=\"widget\" data-e-type=\"widget\" data-widget_type=\"text-editor.default\">\n\t\t\t\t<div class=\"elementor-widget-container\">\n\t\t\t\t\t\t\t\t\t<div class=\"zpelement zpelem-text \" data-element-id=\"elm_SIqWr1jcYYdm1wdcfTRwVA\" data-element-type=\"text\"><div class=\"zptext zptext-align-left \" data-editor=\"true\"><h2>Editions<\/h2><p>Le site www.every-parts.com est la propri\u00e9t\u00e9 pleine et enti\u00e8re de Ukoo.<\/p><p>EverParts SARL &#8211; Mulhouse<\/p><p>T\u00e9l\u00e9phone :\u00a003 89 64 05 12<\/p><p>Capital social : 30 000,00 \u20ac<\/p><p>RCS : Mulhouse B 995373073<\/p><p>TVA Intra. : FR33995373073<\/p><p>Responsables de publication : Fr\u00e9d\u00e9ric Vogel, Guillaume HEID<\/p><p>H\u00e9bergeur : <a href=\"https:\/\/www.infomaniak.com\/fr\">https:\/\/www.infomaniak.com\/fr<\/a><\/p><h2>MARQUES &#8211; PROPRI\u00c9T\u00c9 INTELLECTUELLE<\/h2><p>Tous les noms et marques de produits ou autres marques cit\u00e9s sur ce site sont d\u00e9pos\u00e9s par leurs propri\u00e9taires respectifs. Les sources mentionn\u00e9es conservent leurs droits. Tous les textes, photos, vid\u00e9os, images, dessins, s\u00e9quences anim\u00e9es et toutes \u0153uvres consultables sur le site sont prot\u00e9g\u00e9s par des droits d&rsquo;auteur. Toute reproduction, m\u00eame partielle doit faire l&rsquo;oeuvre d&rsquo;une demande au responsable de la publication ou au webmaster.<\/p><h2>DYSFONCTIONNEMENT &#8211; VIRUS<\/h2><p>Le propri\u00e9taire du site ne pourra \u00eatre tenu responsable des dommages directs ou indirects, r\u00e9sultant de l&rsquo;utilisation de ce site Web, ou de l&rsquo;impossibilit\u00e9 pour un tiers de l&rsquo;utiliser, ou d&rsquo;un mauvais fonctionnement, d&rsquo;une interruption, d&rsquo;un virus ou encore d&rsquo;un probl\u00e8me de ligne ou de syst\u00e8me.<\/p><h2>COOKIES<\/h2><p>Pour des besoins de statistiques et d&rsquo;affichage, ce site utilise des cookies. Il s&rsquo;agit de petits fichiers textes stock\u00e9s sur votre disque dur afin d&rsquo;enregistrer des donn\u00e9es techniques sur votre navigation. Certaines parties de ce site ne peuvent \u00eatre fonctionnelle sans l\u2019acceptation de cookies.<\/p><h2>RESPONSABILIT\u00c9<\/h2><p>Le contenu et l\u2019environnement des sites ext\u00e9rieurs auxquels le site www.ukoo.fr peut renvoyer (notamment par l\u2019interm\u00e9diaire de liens hypertextes) n\u2019engagent pas la responsabilit\u00e9 de Ukoo.<\/p><p>La mise en place de liens hypertextes par des tiers vers des pages ou des documents du site de Ukoo est autoris\u00e9e sous r\u00e9serve que les liens ne contreviennent pas aux int\u00e9r\u00eats de Ukoo et qu\u2019ils garantissent la possibilit\u00e9 pour l\u2019utilisateur d\u2019identifier l\u2019origine et l\u2019auteur du document.<\/p><p>La responsabilit\u00e9 de Ukoo ne peut, en aucune mani\u00e8re, \u00eatre engag\u00e9e quant au contenu des informations figurant sur ce site ou aux cons\u00e9quences pouvant r\u00e9sulter de leur utilisation ou interpr\u00e9tation.<\/p><p>La consultation du site Every-Parts.com pr\u00e9suppose que l\u2019internaute en accepte les termes et conditions pr\u00e9cis\u00e9s ci-dessus.<\/p><h2>DROITS DES IMAGES<\/h2><p>\u00a9 Ukoo<\/p><p>\u00a9 fotolia.fr<\/p><p>\u00a9 thenounproject.com<\/p><\/div><\/div>\t\t\t\t\t\t\t\t<\/div>\n\t\t\t\t<\/div>\n\t\t\t\t\t<\/div>\n\t\t\t\t<\/div>\n\t\t\t\t<\/div>\n\t\t","protected":false},"excerpt":{"rendered":"<p>Mentions l\u00e9gales Editions Le site www.every-parts.com est la propri\u00e9t\u00e9 pleine et enti\u00e8re de Ukoo. EverParts SARL &#8211; Mulhouse T\u00e9l\u00e9phone :\u00a003 89 64 05 12 Capital social : 30 000,00 \u20ac RCS : Mulhouse B 995373073 TVA Intra. : FR33995373073 Responsables de publication : Fr\u00e9d\u00e9ric Vogel, Guillaume HEID H\u00e9bergeur : https:\/\/www.infomaniak.com\/fr MARQUES &#8211; PROPRI\u00c9T\u00c9 INTELLECTUELLE Tous [&hellip;]<\/p>\n","protected":false},"author":1,"featured_media":0,"parent":0,"menu_order":0,"comment_status":"closed","ping_status":"closed","template":"","meta":{"footnotes":""},"class_list":["post-1616","page","type-page","status-publish","hentry"],"yoast_head":"<!-- This site is optimized with the Yoast SEO plugin v27.3 - https:\/\/yoast.com\/product\/yoast-seo-wordpress\/ -->\n<title>Mentions l\u00e9gales - EveryParts<\/title>\n<meta name=\"robots\" content=\"index, follow, max-snippet:-1, max-image-preview:large, max-video-preview:-1\" \/>\n<link rel=\"canonical\" href=\"https:\/\/www.every-parts.com\/fr\/mentions-legales\/\" \/>\n<meta property=\"og:locale\" content=\"fr_FR\" \/>\n<meta property=\"og:type\" content=\"article\" \/>\n<meta property=\"og:title\" content=\"Mentions l\u00e9gales - EveryParts\" \/>\n<meta property=\"og:description\" content=\"Mentions l\u00e9gales Editions Le site www.every-parts.com est la propri\u00e9t\u00e9 pleine et enti\u00e8re de Ukoo. EverParts SARL &#8211; Mulhouse T\u00e9l\u00e9phone :\u00a003 89 64 05 12 Capital social : 30 000,00 \u20ac RCS : Mulhouse B 995373073 TVA Intra. : FR33995373073 Responsables de publication : Fr\u00e9d\u00e9ric Vogel, Guillaume HEID H\u00e9bergeur : https:\/\/www.infomaniak.com\/fr MARQUES &#8211; PROPRI\u00c9T\u00c9 INTELLECTUELLE Tous [&hellip;]\" \/>\n<meta property=\"og:url\" content=\"https:\/\/www.every-parts.com\/fr\/mentions-legales\/\" \/>\n<meta property=\"og:site_name\" content=\"EveryParts\" \/>\n<meta property=\"article:modified_time\" content=\"2026-03-30T13:38:49+00:00\" \/>\n<meta name=\"twitter:card\" content=\"summary_large_image\" \/>\n<meta name=\"twitter:label1\" content=\"Dur\u00e9e de lecture estim\u00e9e\" \/>\n\t<meta name=\"twitter:data1\" content=\"2 minutes\" \/>\n<script type=\"application\/ld+json\" class=\"yoast-schema-graph\">{\"@context\":\"https:\\\/\\\/schema.org\",\"@graph\":[{\"@type\":\"WebPage\",\"@id\":\"https:\\\/\\\/www.every-parts.com\\\/mentions-legales\\\/\",\"url\":\"https:\\\/\\\/www.every-parts.com\\\/mentions-legales\\\/\",\"name\":\"Mentions l\u00e9gales - EveryParts\",\"isPartOf\":{\"@id\":\"https:\\\/\\\/www.every-parts.com\\\/#website\"},\"datePublished\":\"2024-09-30T14:08:17+00:00\",\"dateModified\":\"2026-03-30T13:38:49+00:00\",\"breadcrumb\":{\"@id\":\"https:\\\/\\\/www.every-parts.com\\\/mentions-legales\\\/#breadcrumb\"},\"inLanguage\":\"fr-FR\",\"potentialAction\":[{\"@type\":\"ReadAction\",\"target\":[\"https:\\\/\\\/www.every-parts.com\\\/mentions-legales\\\/\"]}]},{\"@type\":\"BreadcrumbList\",\"@id\":\"https:\\\/\\\/www.every-parts.com\\\/mentions-legales\\\/#breadcrumb\",\"itemListElement\":[{\"@type\":\"ListItem\",\"position\":1,\"name\":\"Accueil\",\"item\":\"https:\\\/\\\/www.every-parts.com\\\/\"},{\"@type\":\"ListItem\",\"position\":2,\"name\":\"Mentions l\u00e9gales\"}]},{\"@type\":\"WebSite\",\"@id\":\"https:\\\/\\\/www.every-parts.com\\\/#website\",\"url\":\"https:\\\/\\\/www.every-parts.com\\\/\",\"name\":\"EveryParts\",\"description\":\"\",\"publisher\":{\"@id\":\"https:\\\/\\\/www.every-parts.com\\\/#organization\"},\"potentialAction\":[{\"@type\":\"SearchAction\",\"target\":{\"@type\":\"EntryPoint\",\"urlTemplate\":\"https:\\\/\\\/www.every-parts.com\\\/?s={search_term_string}\"},\"query-input\":{\"@type\":\"PropertyValueSpecification\",\"valueRequired\":true,\"valueName\":\"search_term_string\"}}],\"inLanguage\":\"fr-FR\"},{\"@type\":\"Organization\",\"@id\":\"https:\\\/\\\/www.every-parts.com\\\/#organization\",\"name\":\"EveryParts\",\"url\":\"https:\\\/\\\/www.every-parts.com\\\/\",\"logo\":{\"@type\":\"ImageObject\",\"inLanguage\":\"fr-FR\",\"@id\":\"https:\\\/\\\/www.every-parts.com\\\/#\\\/schema\\\/logo\\\/image\\\/\",\"url\":\"https:\\\/\\\/www.every-parts.com\\\/wp-content\\\/uploads\\\/2024\\\/09\\\/logo-everyparts-darkgreen.png\",\"contentUrl\":\"https:\\\/\\\/www.every-parts.com\\\/wp-content\\\/uploads\\\/2024\\\/09\\\/logo-everyparts-darkgreen.png\",\"width\":1080,\"height\":208,\"caption\":\"EveryParts\"},\"image\":{\"@id\":\"https:\\\/\\\/www.every-parts.com\\\/#\\\/schema\\\/logo\\\/image\\\/\"}}]}<\/script>\n<!-- \/ Yoast SEO plugin. -->","yoast_head_json":{"title":"Mentions l\u00e9gales - EveryParts","robots":{"index":"index","follow":"follow","max-snippet":"max-snippet:-1","max-image-preview":"max-image-preview:large","max-video-preview":"max-video-preview:-1"},"canonical":"https:\/\/www.every-parts.com\/fr\/mentions-legales\/","og_locale":"fr_FR","og_type":"article","og_title":"Mentions l\u00e9gales - EveryParts","og_description":"Mentions l\u00e9gales Editions Le site www.every-parts.com est la propri\u00e9t\u00e9 pleine et enti\u00e8re de Ukoo. EverParts SARL &#8211; Mulhouse T\u00e9l\u00e9phone :\u00a003 89 64 05 12 Capital social : 30 000,00 \u20ac RCS : Mulhouse B 995373073 TVA Intra. : FR33995373073 Responsables de publication : Fr\u00e9d\u00e9ric Vogel, Guillaume HEID H\u00e9bergeur : https:\/\/www.infomaniak.com\/fr MARQUES &#8211; PROPRI\u00c9T\u00c9 INTELLECTUELLE Tous [&hellip;]","og_url":"https:\/\/www.every-parts.com\/fr\/mentions-legales\/","og_site_name":"EveryParts","article_modified_time":"2026-03-30T13:38:49+00:00","twitter_card":"summary_large_image","twitter_misc":{"Dur\u00e9e de lecture estim\u00e9e":"2 minutes"},"schema":{"@context":"https:\/\/schema.org","@graph":[{"@type":"WebPage","@id":"https:\/\/www.every-parts.com\/mentions-legales\/","url":"https:\/\/www.every-parts.com\/mentions-legales\/","name":"Mentions l\u00e9gales - EveryParts","isPartOf":{"@id":"https:\/\/www.every-parts.com\/#website"},"datePublished":"2024-09-30T14:08:17+00:00","dateModified":"2026-03-30T13:38:49+00:00","breadcrumb":{"@id":"https:\/\/www.every-parts.com\/mentions-legales\/#breadcrumb"},"inLanguage":"fr-FR","potentialAction":[{"@type":"ReadAction","target":["https:\/\/www.every-parts.com\/mentions-legales\/"]}]},{"@type":"BreadcrumbList","@id":"https:\/\/www.every-parts.com\/mentions-legales\/#breadcrumb","itemListElement":[{"@type":"ListItem","position":1,"name":"Accueil","item":"https:\/\/www.every-parts.com\/"},{"@type":"ListItem","position":2,"name":"Mentions l\u00e9gales"}]},{"@type":"WebSite","@id":"https:\/\/www.every-parts.com\/#website","url":"https:\/\/www.every-parts.com\/","name":"EveryParts","description":"","publisher":{"@id":"https:\/\/www.every-parts.com\/#organization"},"potentialAction":[{"@type":"SearchAction","target":{"@type":"EntryPoint","urlTemplate":"https:\/\/www.every-parts.com\/?s={search_term_string}"},"query-input":{"@type":"PropertyValueSpecification","valueRequired":true,"valueName":"search_term_string"}}],"inLanguage":"fr-FR"},{"@type":"Organization","@id":"https:\/\/www.every-parts.com\/#organization","name":"EveryParts","url":"https:\/\/www.every-parts.com\/","logo":{"@type":"ImageObject","inLanguage":"fr-FR","@id":"https:\/\/www.every-parts.com\/#\/schema\/logo\/image\/","url":"https:\/\/www.every-parts.com\/wp-content\/uploads\/2024\/09\/logo-everyparts-darkgreen.png","contentUrl":"https:\/\/www.every-parts.com\/wp-content\/uploads\/2024\/09\/logo-everyparts-darkgreen.png","width":1080,"height":208,"caption":"EveryParts"},"image":{"@id":"https:\/\/www.every-parts.com\/#\/schema\/logo\/image\/"}}]}},"_links":{"self":[{"href":"https:\/\/www.every-parts.com\/fr\/wp-json\/wp\/v2\/pages\/1616","targetHints":{"allow":["GET"]}}],"collection":[{"href":"https:\/\/www.every-parts.com\/fr\/wp-json\/wp\/v2\/pages"}],"about":[{"href":"https:\/\/www.every-parts.com\/fr\/wp-json\/wp\/v2\/types\/page"}],"author":[{"embeddable":true,"href":"https:\/\/www.every-parts.com\/fr\/wp-json\/wp\/v2\/users\/1"}],"replies":[{"embeddable":true,"href":"https:\/\/www.every-parts.com\/fr\/wp-json\/wp\/v2\/comments?post=1616"}],"version-history":[{"count":6,"href":"https:\/\/www.every-parts.com\/fr\/wp-json\/wp\/v2\/pages\/1616\/revisions"}],"predecessor-version":[{"id":3515,"href":"https:\/\/www.every-parts.com\/fr\/wp-json\/wp\/v2\/pages\/1616\/revisions\/3515"}],"wp:attachment":[{"href":"https:\/\/www.every-parts.com\/fr\/wp-json\/wp\/v2\/media?parent=1616"}],"curies":[{"name":"wp","href":"https:\/\/api.w.org\/{rel}","templated":true}]}}