{"id":1616,"date":"2024-09-30T16:08:17","date_gmt":"2024-09-30T14:08:17","guid":{"rendered":"https:\/\/dev.every-parts.com\/?page_id=1616"},"modified":"2026-03-30T15:38:49","modified_gmt":"2026-03-30T13:38:49","slug":"informacion-legal","status":"publish","type":"page","link":"https:\/\/www.every-parts.com\/es\/mentions-legales\/","title":{"rendered":"Informaci\u00f3n jur\u00eddica"},"content":{"rendered":"<div data-elementor-type=\"wp-page\" data-elementor-id=\"1616\" class=\"elementor elementor-1616\" data-elementor-post-type=\"page\">\n\t\t\t\t<div class=\"elementor-element elementor-element-323a074 e-flex e-con-boxed e-con e-parent\" data-id=\"323a074\" data-element_type=\"container\" data-e-type=\"container\" data-settings=\"{&quot;background_background&quot;:&quot;classic&quot;,&quot;jet_parallax_layout_list&quot;:[]}\">\n\t\t\t\t\t<div class=\"e-con-inner\">\n\t\t\t\t<div class=\"elementor-element elementor-element-6ca8c34 elementor-widget__width-inherit elementor-widget elementor-widget-heading\" data-id=\"6ca8c34\" data-element_type=\"widget\" data-e-type=\"widget\" data-widget_type=\"heading.default\">\n\t\t\t\t<div class=\"elementor-widget-container\">\n\t\t\t\t\t<h1 class=\"elementor-heading-title elementor-size-default\">Informaci\u00f3n jur\u00eddica<\/h1>\t\t\t\t<\/div>\n\t\t\t\t<\/div>\n\t\t\t\t<div class=\"elementor-element elementor-element-93a5739 elementor-widget__width-inherit elementor-widget elementor-widget-text-editor\" data-id=\"93a5739\" data-element_type=\"widget\" data-e-type=\"widget\" data-widget_type=\"text-editor.default\">\n\t\t\t\t<div class=\"elementor-widget-container\">\n\t\t\t\t\t\t\t\t\t<div class=\"zpelement zpelem-text\" data-element-id=\"elm_SIqWr1jcYYdm1wdcfTRwVA\" data-element-type=\"text\"><div class=\"zptext zptext-align-left\" data-editor=\"true\"><h2>Ediciones<\/h2><p>El sitio www.every-parts.com es propiedad plena y entera de Ukoo.<\/p><p>EverParts SARL &#8211; Mulhouse<\/p><p>Tel\u00e9fono: 03 89 64 05 12<\/p><p>Capital social: 30.000,00 euros<\/p><p>RCS : Mulhouse B 995373073<\/p><p>TVA Intra. : FR33995373073<\/p><p>Responsables de publication : Fr\u00e9d\u00e9ric Vogel, Guillaume HEID<\/p><p>Organizado por : <a href=\"https:\/\/www.infomaniak.com\/fr\">https:\/\/www.infomaniak.com\/fr<\/a><\/p><h2>MARCAS - PROPIEDAD INTELECTUAL<\/h2><p>Todos los nombres de productos y marcas u otras marcas comerciales mencionadas en este sitio son propiedad de sus respectivos due\u00f1os. Las fuentes mencionadas conservan sus derechos. Todos los textos, fotos, v\u00eddeos, im\u00e1genes, dibujos, secuencias animadas y todas las obras que pueden consultarse en el sitio est\u00e1n protegidos por derechos de autor. Cualquier reproducci\u00f3n, incluso parcial, debe solicitarse al responsable de la publicaci\u00f3n o al webmaster.<\/p><h2>MAL FUNCIONAMIENTO - VIRUS<\/h2><p>El propietario del sitio no se hace responsable de ning\u00fan da\u00f1o directo o indirecto resultante del uso de este sitio web, o de la imposibilidad de que un tercero lo utilice, o de un mal funcionamiento, una interrupci\u00f3n, un virus o un problema de l\u00ednea o del sistema.<\/p><h2>COOKIES<\/h2><p>Con fines estad\u00edsticos y de visualizaci\u00f3n, este sitio utiliza cookies. Se trata de peque\u00f1os archivos de texto que se almacenan en su disco duro para registrar datos t\u00e9cnicos sobre su navegaci\u00f3n. Algunas partes de este sitio no pueden utilizarse sin aceptar las cookies.<\/p><h2>RESPONSABILIDAD<\/h2><p>Ukoo no es responsable del contenido y el entorno de los sitios externos a los que pueda remitir el sitio www.ukoo.fr (en particular, a trav\u00e9s de enlaces de hipertexto).<\/p><p>Se autoriza el establecimiento de enlaces de hipertexto por parte de terceros a p\u00e1ginas o documentos de la p\u00e1gina web de Ukoo siempre que los enlaces no contravengan los intereses de Ukoo y garanticen la posibilidad de que el usuario identifique el origen y el autor del documento.<\/p><p>Ukoo no se responsabiliza en modo alguno del contenido de la informaci\u00f3n de este sitio ni de las consecuencias que puedan derivarse de su uso o interpretaci\u00f3n.<\/p><p>La consulta del sitio Every-Parts.com presupone que el internauta acepta los t\u00e9rminos y condiciones especificados anteriormente.<\/p><h2>DERECHOS DE IMAGEN<\/h2><p>Ukoo<\/p><p>\u00a9 fotolia.fr<\/p><p>thenounproject.com<\/p><\/div><\/div>\t\t\t\t\t\t\t\t<\/div>\n\t\t\t\t<\/div>\n\t\t\t\t\t<\/div>\n\t\t\t\t<\/div>\n\t\t\t\t<\/div>","protected":false},"excerpt":{"rendered":"<p>Mentions l\u00e9gales Editions Le site www.every-parts.com est la propri\u00e9t\u00e9 pleine et enti\u00e8re de Ukoo. EverParts SARL &#8211; Mulhouse T\u00e9l\u00e9phone :\u00a003 89 64 05 12 Capital social : 30 000,00 \u20ac RCS : Mulhouse B 995373073 TVA Intra. : FR33995373073 Responsables de publication : Fr\u00e9d\u00e9ric Vogel, Guillaume HEID H\u00e9bergeur : https:\/\/www.infomaniak.com\/fr MARQUES &#8211; PROPRI\u00c9T\u00c9 INTELLECTUELLE Tous [&hellip;]<\/p>\n","protected":false},"author":1,"featured_media":0,"parent":0,"menu_order":0,"comment_status":"closed","ping_status":"closed","template":"","meta":{"footnotes":""},"class_list":["post-1616","page","type-page","status-publish","hentry"],"yoast_head":"<!-- This site is optimized with the Yoast SEO plugin v27.3 - https:\/\/yoast.com\/product\/yoast-seo-wordpress\/ -->\n<title>Mentions l\u00e9gales - EveryParts<\/title>\n<meta name=\"robots\" content=\"index, follow, max-snippet:-1, max-image-preview:large, max-video-preview:-1\" \/>\n<link rel=\"canonical\" href=\"https:\/\/www.every-parts.com\/es\/informacion-legal\/\" \/>\n<meta property=\"og:locale\" content=\"es_ES\" \/>\n<meta property=\"og:type\" content=\"article\" \/>\n<meta property=\"og:title\" content=\"Mentions l\u00e9gales - EveryParts\" \/>\n<meta property=\"og:description\" content=\"Mentions l\u00e9gales Editions Le site www.every-parts.com est la propri\u00e9t\u00e9 pleine et enti\u00e8re de Ukoo. EverParts SARL &#8211; Mulhouse T\u00e9l\u00e9phone :\u00a003 89 64 05 12 Capital social : 30 000,00 \u20ac RCS : Mulhouse B 995373073 TVA Intra. : FR33995373073 Responsables de publication : Fr\u00e9d\u00e9ric Vogel, Guillaume HEID H\u00e9bergeur : https:\/\/www.infomaniak.com\/fr MARQUES &#8211; PROPRI\u00c9T\u00c9 INTELLECTUELLE Tous [&hellip;]\" \/>\n<meta property=\"og:url\" content=\"https:\/\/www.every-parts.com\/es\/informacion-legal\/\" \/>\n<meta property=\"og:site_name\" content=\"EveryParts\" \/>\n<meta property=\"article:modified_time\" content=\"2026-03-30T13:38:49+00:00\" \/>\n<meta name=\"twitter:card\" content=\"summary_large_image\" \/>\n<meta name=\"twitter:label1\" content=\"Tiempo de lectura\" \/>\n\t<meta name=\"twitter:data1\" content=\"2 minutos\" \/>\n<script type=\"application\/ld+json\" class=\"yoast-schema-graph\">{\"@context\":\"https:\\\/\\\/schema.org\",\"@graph\":[{\"@type\":\"WebPage\",\"@id\":\"https:\\\/\\\/www.every-parts.com\\\/mentions-legales\\\/\",\"url\":\"https:\\\/\\\/www.every-parts.com\\\/mentions-legales\\\/\",\"name\":\"Mentions l\u00e9gales - EveryParts\",\"isPartOf\":{\"@id\":\"https:\\\/\\\/www.every-parts.com\\\/#website\"},\"datePublished\":\"2024-09-30T14:08:17+00:00\",\"dateModified\":\"2026-03-30T13:38:49+00:00\",\"breadcrumb\":{\"@id\":\"https:\\\/\\\/www.every-parts.com\\\/mentions-legales\\\/#breadcrumb\"},\"inLanguage\":\"es\",\"potentialAction\":[{\"@type\":\"ReadAction\",\"target\":[\"https:\\\/\\\/www.every-parts.com\\\/mentions-legales\\\/\"]}]},{\"@type\":\"BreadcrumbList\",\"@id\":\"https:\\\/\\\/www.every-parts.com\\\/mentions-legales\\\/#breadcrumb\",\"itemListElement\":[{\"@type\":\"ListItem\",\"position\":1,\"name\":\"Accueil\",\"item\":\"https:\\\/\\\/www.every-parts.com\\\/\"},{\"@type\":\"ListItem\",\"position\":2,\"name\":\"Mentions l\u00e9gales\"}]},{\"@type\":\"WebSite\",\"@id\":\"https:\\\/\\\/www.every-parts.com\\\/#website\",\"url\":\"https:\\\/\\\/www.every-parts.com\\\/\",\"name\":\"EveryParts\",\"description\":\"\",\"publisher\":{\"@id\":\"https:\\\/\\\/www.every-parts.com\\\/#organization\"},\"potentialAction\":[{\"@type\":\"SearchAction\",\"target\":{\"@type\":\"EntryPoint\",\"urlTemplate\":\"https:\\\/\\\/www.every-parts.com\\\/?s={search_term_string}\"},\"query-input\":{\"@type\":\"PropertyValueSpecification\",\"valueRequired\":true,\"valueName\":\"search_term_string\"}}],\"inLanguage\":\"es\"},{\"@type\":\"Organization\",\"@id\":\"https:\\\/\\\/www.every-parts.com\\\/#organization\",\"name\":\"EveryParts\",\"url\":\"https:\\\/\\\/www.every-parts.com\\\/\",\"logo\":{\"@type\":\"ImageObject\",\"inLanguage\":\"es\",\"@id\":\"https:\\\/\\\/www.every-parts.com\\\/#\\\/schema\\\/logo\\\/image\\\/\",\"url\":\"https:\\\/\\\/www.every-parts.com\\\/wp-content\\\/uploads\\\/2024\\\/09\\\/logo-everyparts-darkgreen.png\",\"contentUrl\":\"https:\\\/\\\/www.every-parts.com\\\/wp-content\\\/uploads\\\/2024\\\/09\\\/logo-everyparts-darkgreen.png\",\"width\":1080,\"height\":208,\"caption\":\"EveryParts\"},\"image\":{\"@id\":\"https:\\\/\\\/www.every-parts.com\\\/#\\\/schema\\\/logo\\\/image\\\/\"}}]}<\/script>\n<!-- \/ Yoast SEO plugin. -->","yoast_head_json":{"title":"Aviso legal - EveryParts","robots":{"index":"index","follow":"follow","max-snippet":"max-snippet:-1","max-image-preview":"max-image-preview:large","max-video-preview":"max-video-preview:-1"},"canonical":"https:\/\/www.every-parts.com\/es\/informacion-legal\/","og_locale":"es_ES","og_type":"article","og_title":"Mentions l\u00e9gales - EveryParts","og_description":"Mentions l\u00e9gales Editions Le site www.every-parts.com est la propri\u00e9t\u00e9 pleine et enti\u00e8re de Ukoo. EverParts SARL &#8211; Mulhouse T\u00e9l\u00e9phone :\u00a003 89 64 05 12 Capital social : 30 000,00 \u20ac RCS : Mulhouse B 995373073 TVA Intra. : FR33995373073 Responsables de publication : Fr\u00e9d\u00e9ric Vogel, Guillaume HEID H\u00e9bergeur : https:\/\/www.infomaniak.com\/fr MARQUES &#8211; PROPRI\u00c9T\u00c9 INTELLECTUELLE Tous [&hellip;]","og_url":"https:\/\/www.every-parts.com\/es\/informacion-legal\/","og_site_name":"EveryParts","article_modified_time":"2026-03-30T13:38:49+00:00","twitter_card":"summary_large_image","twitter_misc":{"Tiempo de lectura":"2 minutos"},"schema":{"@context":"https:\/\/schema.org","@graph":[{"@type":"WebPage","@id":"https:\/\/www.every-parts.com\/mentions-legales\/","url":"https:\/\/www.every-parts.com\/mentions-legales\/","name":"Aviso legal - EveryParts","isPartOf":{"@id":"https:\/\/www.every-parts.com\/#website"},"datePublished":"2024-09-30T14:08:17+00:00","dateModified":"2026-03-30T13:38:49+00:00","breadcrumb":{"@id":"https:\/\/www.every-parts.com\/mentions-legales\/#breadcrumb"},"inLanguage":"es","potentialAction":[{"@type":"ReadAction","target":["https:\/\/www.every-parts.com\/mentions-legales\/"]}]},{"@type":"BreadcrumbList","@id":"https:\/\/www.every-parts.com\/mentions-legales\/#breadcrumb","itemListElement":[{"@type":"ListItem","position":1,"name":"Accueil","item":"https:\/\/www.every-parts.com\/"},{"@type":"ListItem","position":2,"name":"Mentions l\u00e9gales"}]},{"@type":"WebSite","@id":"https:\/\/www.every-parts.com\/#website","url":"https:\/\/www.every-parts.com\/","name":"EveryParts","description":"","publisher":{"@id":"https:\/\/www.every-parts.com\/#organization"},"potentialAction":[{"@type":"SearchAction","target":{"@type":"EntryPoint","urlTemplate":"https:\/\/www.every-parts.com\/?s={search_term_string}"},"query-input":{"@type":"PropertyValueSpecification","valueRequired":true,"valueName":"search_term_string"}}],"inLanguage":"es"},{"@type":"Organization","@id":"https:\/\/www.every-parts.com\/#organization","name":"EveryParts","url":"https:\/\/www.every-parts.com\/","logo":{"@type":"ImageObject","inLanguage":"es","@id":"https:\/\/www.every-parts.com\/#\/schema\/logo\/image\/","url":"https:\/\/www.every-parts.com\/wp-content\/uploads\/2024\/09\/logo-everyparts-darkgreen.png","contentUrl":"https:\/\/www.every-parts.com\/wp-content\/uploads\/2024\/09\/logo-everyparts-darkgreen.png","width":1080,"height":208,"caption":"EveryParts"},"image":{"@id":"https:\/\/www.every-parts.com\/#\/schema\/logo\/image\/"}}]}},"_links":{"self":[{"href":"https:\/\/www.every-parts.com\/es\/wp-json\/wp\/v2\/pages\/1616","targetHints":{"allow":["GET"]}}],"collection":[{"href":"https:\/\/www.every-parts.com\/es\/wp-json\/wp\/v2\/pages"}],"about":[{"href":"https:\/\/www.every-parts.com\/es\/wp-json\/wp\/v2\/types\/page"}],"author":[{"embeddable":true,"href":"https:\/\/www.every-parts.com\/es\/wp-json\/wp\/v2\/users\/1"}],"replies":[{"embeddable":true,"href":"https:\/\/www.every-parts.com\/es\/wp-json\/wp\/v2\/comments?post=1616"}],"version-history":[{"count":6,"href":"https:\/\/www.every-parts.com\/es\/wp-json\/wp\/v2\/pages\/1616\/revisions"}],"predecessor-version":[{"id":3515,"href":"https:\/\/www.every-parts.com\/es\/wp-json\/wp\/v2\/pages\/1616\/revisions\/3515"}],"wp:attachment":[{"href":"https:\/\/www.every-parts.com\/es\/wp-json\/wp\/v2\/media?parent=1616"}],"curies":[{"name":"wp","href":"https:\/\/api.w.org\/{rel}","templated":true}]}}