{"id":1597,"date":"2024-09-30T15:51:58","date_gmt":"2024-09-30T13:51:58","guid":{"rendered":"https:\/\/dev.every-parts.com\/?page_id=1597"},"modified":"2024-09-30T15:59:09","modified_gmt":"2024-09-30T13:59:09","slug":"quienes-somos-2","status":"publish","type":"page","link":"https:\/\/www.every-parts.com\/es\/qui-sommes-nous\/","title":{"rendered":"\u00bfQui\u00e9nes somos?"},"content":{"rendered":"<div data-elementor-type=\"wp-page\" data-elementor-id=\"1597\" class=\"elementor elementor-1597\" data-elementor-post-type=\"page\">\n\t\t\t\t<div class=\"elementor-element elementor-element-5c2aa67 e-flex e-con-boxed e-con e-parent\" data-id=\"5c2aa67\" data-element_type=\"container\" data-e-type=\"container\" data-settings=\"{&quot;background_background&quot;:&quot;classic&quot;,&quot;jet_parallax_layout_list&quot;:[]}\">\n\t\t\t\t\t<div class=\"e-con-inner\">\n\t\t\t\t<div class=\"elementor-element elementor-element-d5a9904 elementor-widget__width-inherit elementor-widget elementor-widget-heading\" data-id=\"d5a9904\" data-element_type=\"widget\" data-e-type=\"widget\" data-widget_type=\"heading.default\">\n\t\t\t\t<div class=\"elementor-widget-container\">\n\t\t\t\t\t<h1 class=\"elementor-heading-title elementor-size-default\">\u00bfQui\u00e9nes somos?<\/h1>\t\t\t\t<\/div>\n\t\t\t\t<\/div>\n\t\t\t\t<div class=\"elementor-element elementor-element-691173c elementor-widget__width-inherit elementor-widget elementor-widget-text-editor\" data-id=\"691173c\" data-element_type=\"widget\" data-e-type=\"widget\" data-widget_type=\"text-editor.default\">\n\t\t\t\t<div class=\"elementor-widget-container\">\n\t\t\t\t\t\t\t\t\t<div class=\"zpelement zpelem-text\" data-element-id=\"elm_SIqWr1jcYYdm1wdcfTRwVA\" data-element-type=\"text\"><div class=\"zptext zptext-align-left\" data-editor=\"true\"><p>Every Parts es un equipo de los sectores posventa, digital y de comercio electr\u00f3nico, comprometido con la sostenibilidad y con la superaci\u00f3n de los retos cotidianos que plantea el acceso a la informaci\u00f3n sobre piezas de recambio en todos los \u00e1mbitos.<\/p><p>Mediante la creaci\u00f3n de asociaciones con la industria, los distribuidores, los minoristas y los reparadores, Every Parts espera crear una industria y unos productos m\u00e1s sostenibles, y revalorizar los oficios de la reparaci\u00f3n.<\/p><\/div><\/div>\t\t\t\t\t\t\t\t<\/div>\n\t\t\t\t<\/div>\n\t\t\t\t\t<\/div>\n\t\t\t\t<\/div>\n\t\t<div class=\"elementor-element elementor-element-a55db84 e-flex e-con-boxed e-con e-parent\" data-id=\"a55db84\" data-element_type=\"container\" data-e-type=\"container\" data-settings=\"{&quot;jet_parallax_layout_list&quot;:[]}\">\n\t\t\t\t\t<div class=\"e-con-inner\">\n\t\t<div class=\"elementor-element elementor-element-3ffb4ad e-con-full e-flex e-con e-child\" data-id=\"3ffb4ad\" data-element_type=\"container\" data-e-type=\"container\" data-settings=\"{&quot;jet_parallax_layout_list&quot;:[]}\">\n\t\t\t\t<div class=\"elementor-element elementor-element-49d853a elementor-widget elementor-widget-heading\" data-id=\"49d853a\" data-element_type=\"widget\" data-e-type=\"widget\" data-widget_type=\"heading.default\">\n\t\t\t\t<div class=\"elementor-widget-container\">\n\t\t\t\t\t<h2 class=\"elementor-heading-title elementor-size-default\">Durabilidad frente a obsolescencia<\/h2>\t\t\t\t<\/div>\n\t\t\t\t<\/div>\n\t\t\t\t<div class=\"elementor-element elementor-element-fc8d7d1 elementor-widget elementor-widget-text-editor\" data-id=\"fc8d7d1\" data-element_type=\"widget\" data-e-type=\"widget\" data-widget_type=\"text-editor.default\">\n\t\t\t\t<div class=\"elementor-widget-container\">\n\t\t\t\t\t\t\t\t\t<p>A pesar de la creciente concienciaci\u00f3n social, econ\u00f3mica y medioambiental, el acceso a la informaci\u00f3n sobre piezas de recambio, consumibles y accesorios sigue siendo complicado.<\/p><p>La cantidad y disparidad de datos dificulta la b\u00fasqueda de informaci\u00f3n.<\/p><p>Se trata de un obst\u00e1culo importante para la sostenibilidad de los aparatos y equipos que ahora demandan los consumidores y usuarios finales.<\/p>\t\t\t\t\t\t\t\t<\/div>\n\t\t\t\t<\/div>\n\t\t<div class=\"elementor-element elementor-element-3198210 e-con-full e-flex e-con e-child\" data-id=\"3198210\" data-element_type=\"container\" data-e-type=\"container\" data-settings=\"{&quot;jet_parallax_layout_list&quot;:[]}\">\n\t\t\t\t<div class=\"jet-popup-target elementor-element elementor-element-f3b3927 elementor-mobile-align-justify elementor-widget-mobile__width-inherit elementor-widget elementor-widget-button\" data-jet-popup=\"{&quot;attached-popup&quot;:&quot;jet-popup-1127&quot;,&quot;trigger-type&quot;:&quot;click-self&quot;,&quot;trigger-custom-selector&quot;:&quot;&quot;}\" data-id=\"f3b3927\" data-element_type=\"widget\" data-e-type=\"widget\" data-widget_type=\"button.default\">\n\t\t\t\t<div class=\"elementor-widget-container\">\n\t\t\t\t\t\t\t\t\t<div class=\"elementor-button-wrapper\">\n\t\t\t\t\t<a class=\"elementor-button elementor-button-link elementor-size-sm\" href=\"#\">\n\t\t\t\t\t\t<span class=\"elementor-button-content-wrapper\">\n\t\t\t\t\t\t\t\t\t<span class=\"elementor-button-text\">Probar la soluci\u00f3n<\/span>\n\t\t\t\t\t<\/span>\n\t\t\t\t\t<\/a>\n\t\t\t\t<\/div>\n\t\t\t\t\t\t\t\t<\/div>\n\t\t\t\t<\/div>\n\t\t\t\t<\/div>\n\t\t\t\t<\/div>\n\t\t<div class=\"elementor-element elementor-element-073bd4a e-con-full e-flex e-con e-child\" data-id=\"073bd4a\" data-element_type=\"container\" data-e-type=\"container\" data-settings=\"{&quot;jet_parallax_layout_list&quot;:[]}\">\n\t\t\t\t<div class=\"elementor-element elementor-element-745e1d0 elementor-widget__width-inherit elementor-widget elementor-widget-text-editor\" data-id=\"745e1d0\" data-element_type=\"widget\" data-e-type=\"widget\" data-widget_type=\"text-editor.default\">\n\t\t\t\t<div class=\"elementor-widget-container\">\n\t\t\t\t\t\t\t\t\t<div class=\"zpelement zpelem-text\" data-element-id=\"elm_SIqWr1jcYYdm1wdcfTRwVA\" data-element-type=\"text\"><div class=\"zptext zptext-align-left\" data-editor=\"true\"><p>Ayudamos a millones de clientes de todo el mundo a poner en marcha y hacer crecer sus negocios con nuestra tecnolog\u00eda de marketing inteligente, un servicio de asistencia galardonado y contenidos inspiradores.<\/p><\/div><\/div>\t\t\t\t\t\t\t\t<\/div>\n\t\t\t\t<\/div>\n\t\t\t\t<\/div>\n\t\t<div class=\"elementor-element elementor-element-95394aa e-con-full e-flex e-con e-child\" data-id=\"95394aa\" data-element_type=\"container\" data-e-type=\"container\" data-settings=\"{&quot;jet_parallax_layout_list&quot;:[]}\">\n\t\t\t\t<div class=\"elementor-element elementor-element-75ff9e2 elementor-widget elementor-widget-image\" data-id=\"75ff9e2\" data-element_type=\"widget\" data-e-type=\"widget\" data-widget_type=\"image.default\">\n\t\t\t\t<div class=\"elementor-widget-container\">\n\t\t\t\t\t\t\t\t\t\t\t\t\t\t\t<img fetchpriority=\"high\" decoding=\"async\" width=\"800\" height=\"457\" src=\"https:\/\/www.every-parts.com\/wp-content\/uploads\/2024\/09\/economie_circulaire.jpg\" class=\"attachment-large size-large wp-image-1509\" alt=\"\" srcset=\"https:\/\/www.every-parts.com\/wp-content\/uploads\/2024\/09\/economie_circulaire.jpg 1018w, https:\/\/www.every-parts.com\/wp-content\/uploads\/2024\/09\/economie_circulaire-300x172.jpg 300w, https:\/\/www.every-parts.com\/wp-content\/uploads\/2024\/09\/economie_circulaire-768x439.jpg 768w, https:\/\/www.every-parts.com\/wp-content\/uploads\/2024\/09\/economie_circulaire-18x10.jpg 18w\" sizes=\"(max-width: 800px) 100vw, 800px\" \/>\t\t\t\t\t\t\t\t\t\t\t\t\t\t\t<\/div>\n\t\t\t\t<\/div>\n\t\t\t\t<\/div>\n\t\t\t\t\t<\/div>\n\t\t\t\t<\/div>\n\t\t<div class=\"elementor-element elementor-element-f0c7914 e-flex e-con-boxed e-con e-parent\" data-id=\"f0c7914\" data-element_type=\"container\" data-e-type=\"container\" data-settings=\"{&quot;background_background&quot;:&quot;classic&quot;,&quot;jet_parallax_layout_list&quot;:[]}\">\n\t\t\t\t\t<div class=\"e-con-inner\">\n\t\t\t\t\t<\/div>\n\t\t\t\t<\/div>\n\t\t\t\t<\/div>","protected":false},"excerpt":{"rendered":"<p>Qui sommes nous ? Every Parts c&rsquo;est une \u00e9quipe issue des m\u00e9tiers du service apr\u00e8s-vente, du digital et du e-commerce engag\u00e9e dans la durabilit\u00e9 et la volont\u00e9 de relever les d\u00e9fis du quotidien li\u00e9es \u00e0 l&rsquo;acc\u00e8s aux informations des pi\u00e8ces d\u00e9tach\u00e9es dans tous les domaines. En cr\u00e9ant des partenariats avec les industries, les distributeurs, revendeurs [&hellip;]<\/p>\n","protected":false},"author":1,"featured_media":0,"parent":0,"menu_order":0,"comment_status":"closed","ping_status":"closed","template":"","meta":{"footnotes":""},"class_list":["post-1597","page","type-page","status-publish","hentry"],"yoast_head":"<!-- This site is optimized with the Yoast SEO plugin v27.3 - https:\/\/yoast.com\/product\/yoast-seo-wordpress\/ -->\n<title>Services pour les bases de donn\u00e9es de pi\u00e8ces d\u00e9tach\u00e9es<\/title>\n<meta name=\"description\" content=\"De la collecte \u00e0 la consolidation, d\u00e9couvrez comment EveryParts peut vous aider.\" \/>\n<meta name=\"robots\" content=\"index, follow, max-snippet:-1, max-image-preview:large, max-video-preview:-1\" \/>\n<link rel=\"canonical\" href=\"https:\/\/www.every-parts.com\/es\/quienes-somos-2\/\" \/>\n<meta property=\"og:locale\" content=\"es_ES\" \/>\n<meta property=\"og:type\" content=\"article\" \/>\n<meta property=\"og:title\" content=\"Services pour les bases de donn\u00e9es de pi\u00e8ces d\u00e9tach\u00e9es\" \/>\n<meta property=\"og:description\" content=\"De la collecte \u00e0 la consolidation, d\u00e9couvrez comment EveryParts peut vous aider.\" \/>\n<meta property=\"og:url\" content=\"https:\/\/www.every-parts.com\/es\/quienes-somos-2\/\" \/>\n<meta property=\"og:site_name\" content=\"EveryParts\" \/>\n<meta property=\"article:modified_time\" content=\"2024-09-30T13:59:09+00:00\" \/>\n<meta property=\"og:image\" content=\"https:\/\/dev.every-parts.com\/wp-content\/uploads\/2024\/09\/economie_circulaire.jpg\" \/>\n<meta name=\"twitter:card\" content=\"summary_large_image\" \/>\n<meta name=\"twitter:label1\" content=\"Tiempo de lectura\" \/>\n\t<meta name=\"twitter:data1\" content=\"1 minuto\" \/>\n<script type=\"application\/ld+json\" class=\"yoast-schema-graph\">{\"@context\":\"https:\\\/\\\/schema.org\",\"@graph\":[{\"@type\":\"WebPage\",\"@id\":\"https:\\\/\\\/www.every-parts.com\\\/fr\\\/qui-sommes-nous\\\/\",\"url\":\"https:\\\/\\\/www.every-parts.com\\\/fr\\\/qui-sommes-nous\\\/\",\"name\":\"Services pour les bases de donn\u00e9es de pi\u00e8ces d\u00e9tach\u00e9es\",\"isPartOf\":{\"@id\":\"https:\\\/\\\/www.every-parts.com\\\/#website\"},\"primaryImageOfPage\":{\"@id\":\"https:\\\/\\\/www.every-parts.com\\\/fr\\\/qui-sommes-nous\\\/#primaryimage\"},\"image\":{\"@id\":\"https:\\\/\\\/www.every-parts.com\\\/fr\\\/qui-sommes-nous\\\/#primaryimage\"},\"thumbnailUrl\":\"https:\\\/\\\/dev.every-parts.com\\\/wp-content\\\/uploads\\\/2024\\\/09\\\/economie_circulaire.jpg\",\"datePublished\":\"2024-09-30T13:51:58+00:00\",\"dateModified\":\"2024-09-30T13:59:09+00:00\",\"description\":\"De la collecte \u00e0 la consolidation, d\u00e9couvrez comment EveryParts peut vous aider.\",\"breadcrumb\":{\"@id\":\"https:\\\/\\\/www.every-parts.com\\\/fr\\\/qui-sommes-nous\\\/#breadcrumb\"},\"inLanguage\":\"es\",\"potentialAction\":[{\"@type\":\"ReadAction\",\"target\":[\"https:\\\/\\\/www.every-parts.com\\\/fr\\\/qui-sommes-nous\\\/\"]}]},{\"@type\":\"ImageObject\",\"inLanguage\":\"es\",\"@id\":\"https:\\\/\\\/www.every-parts.com\\\/fr\\\/qui-sommes-nous\\\/#primaryimage\",\"url\":\"https:\\\/\\\/dev.every-parts.com\\\/wp-content\\\/uploads\\\/2024\\\/09\\\/economie_circulaire.jpg\",\"contentUrl\":\"https:\\\/\\\/dev.every-parts.com\\\/wp-content\\\/uploads\\\/2024\\\/09\\\/economie_circulaire.jpg\"},{\"@type\":\"BreadcrumbList\",\"@id\":\"https:\\\/\\\/www.every-parts.com\\\/fr\\\/qui-sommes-nous\\\/#breadcrumb\",\"itemListElement\":[{\"@type\":\"ListItem\",\"position\":1,\"name\":\"Accueil\",\"item\":\"https:\\\/\\\/www.every-parts.com\\\/\"},{\"@type\":\"ListItem\",\"position\":2,\"name\":\"Qui sommes nous ?\"}]},{\"@type\":\"WebSite\",\"@id\":\"https:\\\/\\\/www.every-parts.com\\\/#website\",\"url\":\"https:\\\/\\\/www.every-parts.com\\\/\",\"name\":\"EveryParts\",\"description\":\"\",\"publisher\":{\"@id\":\"https:\\\/\\\/www.every-parts.com\\\/#organization\"},\"potentialAction\":[{\"@type\":\"SearchAction\",\"target\":{\"@type\":\"EntryPoint\",\"urlTemplate\":\"https:\\\/\\\/www.every-parts.com\\\/?s={search_term_string}\"},\"query-input\":{\"@type\":\"PropertyValueSpecification\",\"valueRequired\":true,\"valueName\":\"search_term_string\"}}],\"inLanguage\":\"es\"},{\"@type\":\"Organization\",\"@id\":\"https:\\\/\\\/www.every-parts.com\\\/#organization\",\"name\":\"EveryParts\",\"url\":\"https:\\\/\\\/www.every-parts.com\\\/\",\"logo\":{\"@type\":\"ImageObject\",\"inLanguage\":\"es\",\"@id\":\"https:\\\/\\\/www.every-parts.com\\\/#\\\/schema\\\/logo\\\/image\\\/\",\"url\":\"https:\\\/\\\/www.every-parts.com\\\/wp-content\\\/uploads\\\/2024\\\/09\\\/logo-everyparts-darkgreen.png\",\"contentUrl\":\"https:\\\/\\\/www.every-parts.com\\\/wp-content\\\/uploads\\\/2024\\\/09\\\/logo-everyparts-darkgreen.png\",\"width\":1080,\"height\":208,\"caption\":\"EveryParts\"},\"image\":{\"@id\":\"https:\\\/\\\/www.every-parts.com\\\/#\\\/schema\\\/logo\\\/image\\\/\"}}]}<\/script>\n<!-- \/ Yoast SEO plugin. -->","yoast_head_json":{"title":"Servicios para bases de datos de piezas de recambio","description":"Desde la recogida hasta la consolidaci\u00f3n, descubra c\u00f3mo EveryParts puede ayudarle.","robots":{"index":"index","follow":"follow","max-snippet":"max-snippet:-1","max-image-preview":"max-image-preview:large","max-video-preview":"max-video-preview:-1"},"canonical":"https:\/\/www.every-parts.com\/es\/quienes-somos-2\/","og_locale":"es_ES","og_type":"article","og_title":"Services pour les bases de donn\u00e9es de pi\u00e8ces d\u00e9tach\u00e9es","og_description":"De la collecte \u00e0 la consolidation, d\u00e9couvrez comment EveryParts peut vous aider.","og_url":"https:\/\/www.every-parts.com\/es\/quienes-somos-2\/","og_site_name":"EveryParts","article_modified_time":"2024-09-30T13:59:09+00:00","og_image":[{"url":"https:\/\/dev.every-parts.com\/wp-content\/uploads\/2024\/09\/economie_circulaire.jpg","type":"","width":"","height":""}],"twitter_card":"summary_large_image","twitter_misc":{"Tiempo de lectura":"1 minuto"},"schema":{"@context":"https:\/\/schema.org","@graph":[{"@type":"WebPage","@id":"https:\/\/www.every-parts.com\/fr\/qui-sommes-nous\/","url":"https:\/\/www.every-parts.com\/fr\/qui-sommes-nous\/","name":"Servicios para bases de datos de piezas de recambio","isPartOf":{"@id":"https:\/\/www.every-parts.com\/#website"},"primaryImageOfPage":{"@id":"https:\/\/www.every-parts.com\/fr\/qui-sommes-nous\/#primaryimage"},"image":{"@id":"https:\/\/www.every-parts.com\/fr\/qui-sommes-nous\/#primaryimage"},"thumbnailUrl":"https:\/\/dev.every-parts.com\/wp-content\/uploads\/2024\/09\/economie_circulaire.jpg","datePublished":"2024-09-30T13:51:58+00:00","dateModified":"2024-09-30T13:59:09+00:00","description":"Desde la recogida hasta la consolidaci\u00f3n, descubra c\u00f3mo EveryParts puede ayudarle.","breadcrumb":{"@id":"https:\/\/www.every-parts.com\/fr\/qui-sommes-nous\/#breadcrumb"},"inLanguage":"es","potentialAction":[{"@type":"ReadAction","target":["https:\/\/www.every-parts.com\/fr\/qui-sommes-nous\/"]}]},{"@type":"ImageObject","inLanguage":"es","@id":"https:\/\/www.every-parts.com\/fr\/qui-sommes-nous\/#primaryimage","url":"https:\/\/dev.every-parts.com\/wp-content\/uploads\/2024\/09\/economie_circulaire.jpg","contentUrl":"https:\/\/dev.every-parts.com\/wp-content\/uploads\/2024\/09\/economie_circulaire.jpg"},{"@type":"BreadcrumbList","@id":"https:\/\/www.every-parts.com\/fr\/qui-sommes-nous\/#breadcrumb","itemListElement":[{"@type":"ListItem","position":1,"name":"Accueil","item":"https:\/\/www.every-parts.com\/"},{"@type":"ListItem","position":2,"name":"Qui sommes nous ?"}]},{"@type":"WebSite","@id":"https:\/\/www.every-parts.com\/#website","url":"https:\/\/www.every-parts.com\/","name":"EveryParts","description":"","publisher":{"@id":"https:\/\/www.every-parts.com\/#organization"},"potentialAction":[{"@type":"SearchAction","target":{"@type":"EntryPoint","urlTemplate":"https:\/\/www.every-parts.com\/?s={search_term_string}"},"query-input":{"@type":"PropertyValueSpecification","valueRequired":true,"valueName":"search_term_string"}}],"inLanguage":"es"},{"@type":"Organization","@id":"https:\/\/www.every-parts.com\/#organization","name":"EveryParts","url":"https:\/\/www.every-parts.com\/","logo":{"@type":"ImageObject","inLanguage":"es","@id":"https:\/\/www.every-parts.com\/#\/schema\/logo\/image\/","url":"https:\/\/www.every-parts.com\/wp-content\/uploads\/2024\/09\/logo-everyparts-darkgreen.png","contentUrl":"https:\/\/www.every-parts.com\/wp-content\/uploads\/2024\/09\/logo-everyparts-darkgreen.png","width":1080,"height":208,"caption":"EveryParts"},"image":{"@id":"https:\/\/www.every-parts.com\/#\/schema\/logo\/image\/"}}]}},"_links":{"self":[{"href":"https:\/\/www.every-parts.com\/es\/wp-json\/wp\/v2\/pages\/1597","targetHints":{"allow":["GET"]}}],"collection":[{"href":"https:\/\/www.every-parts.com\/es\/wp-json\/wp\/v2\/pages"}],"about":[{"href":"https:\/\/www.every-parts.com\/es\/wp-json\/wp\/v2\/types\/page"}],"author":[{"embeddable":true,"href":"https:\/\/www.every-parts.com\/es\/wp-json\/wp\/v2\/users\/1"}],"replies":[{"embeddable":true,"href":"https:\/\/www.every-parts.com\/es\/wp-json\/wp\/v2\/comments?post=1597"}],"version-history":[{"count":7,"href":"https:\/\/www.every-parts.com\/es\/wp-json\/wp\/v2\/pages\/1597\/revisions"}],"predecessor-version":[{"id":1606,"href":"https:\/\/www.every-parts.com\/es\/wp-json\/wp\/v2\/pages\/1597\/revisions\/1606"}],"wp:attachment":[{"href":"https:\/\/www.every-parts.com\/es\/wp-json\/wp\/v2\/media?parent=1597"}],"curies":[{"name":"wp","href":"https:\/\/api.w.org\/{rel}","templated":true}]}}