{"id":441,"date":"2024-09-18T16:29:54","date_gmt":"2024-09-18T14:29:54","guid":{"rendered":"https:\/\/dev.every-parts.com\/?page_id=441"},"modified":"2024-09-27T12:31:59","modified_gmt":"2024-09-27T10:31:59","slug":"frequently-asked-questions","status":"publish","type":"page","link":"https:\/\/www.every-parts.com\/en\/foire-aux-questions\/","title":{"rendered":"Frequently asked questions"},"content":{"rendered":"<div data-elementor-type=\"wp-page\" data-elementor-id=\"441\" class=\"elementor elementor-441\" data-elementor-post-type=\"page\">\n\t\t\t\t<div class=\"elementor-element elementor-element-39db6a6 e-flex e-con-boxed e-con e-parent\" data-id=\"39db6a6\" data-element_type=\"container\" data-e-type=\"container\" data-settings=\"{&quot;background_background&quot;:&quot;classic&quot;,&quot;jet_parallax_layout_list&quot;:[]}\">\n\t\t\t\t\t<div class=\"e-con-inner\">\n\t\t\t\t<div class=\"elementor-element elementor-element-5578ba7 elementor-widget__width-inherit elementor-widget elementor-widget-heading\" data-id=\"5578ba7\" data-element_type=\"widget\" data-e-type=\"widget\" data-widget_type=\"heading.default\">\n\t\t\t\t<div class=\"elementor-widget-container\">\n\t\t\t\t\t<h2 class=\"elementor-heading-title elementor-size-default\">Frequently asked questions<\/h2>\t\t\t\t<\/div>\n\t\t\t\t<\/div>\n\t\t\t\t<div class=\"elementor-element elementor-element-2f91908 elementor-widget__width-inherit elementor-widget elementor-widget-text-editor\" data-id=\"2f91908\" data-element_type=\"widget\" data-e-type=\"widget\" data-widget_type=\"text-editor.default\">\n\t\t\t\t<div class=\"elementor-widget-container\">\n\t\t\t\t\t\t\t\t\t<div class=\"zpelement zpelem-text\" data-element-id=\"elm_SIqWr1jcYYdm1wdcfTRwVA\" data-element-type=\"text\"><div class=\"zptext zptext-align-left\" data-editor=\"true\"><p>The questions our customers have often asked us...<\/p><\/div><\/div>\t\t\t\t\t\t\t\t<\/div>\n\t\t\t\t<\/div>\n\t\t\t\t<div class=\"elementor-element elementor-element-3e312c1 elementor-widget__width-initial elementor-widget elementor-widget-n-accordion\" data-id=\"3e312c1\" data-element_type=\"widget\" data-e-type=\"widget\" data-settings=\"{&quot;default_state&quot;:&quot;expanded&quot;,&quot;max_items_expended&quot;:&quot;one&quot;,&quot;n_accordion_animation_duration&quot;:{&quot;unit&quot;:&quot;ms&quot;,&quot;size&quot;:400,&quot;sizes&quot;:[]}}\" data-widget_type=\"nested-accordion.default\">\n\t\t\t\t<div class=\"elementor-widget-container\">\n\t\t\t\t\t\t\t<div class=\"e-n-accordion\" aria-label=\"Accordion. Open links with Enter or Space, close with Escape, and navigate with Arrow Keys\">\n\t\t\t\t\t\t<details id=\"e-n-accordion-item-6520\" class=\"e-n-accordion-item\" open>\n\t\t\t\t<summary class=\"e-n-accordion-item-title\" data-accordion-index=\"1\" tabindex=\"0\" aria-expanded=\"true\" aria-controls=\"e-n-accordion-item-6520\" >\n\t\t\t\t\t<span class='e-n-accordion-item-title-header'><div class=\"e-n-accordion-item-title-text\"> Where is the data hosted?  <\/div><\/span>\n\t\t\t\t\t\t\t<span class='e-n-accordion-item-title-icon'>\n\t\t\t<span class='e-opened' ><svg aria-hidden=\"true\" class=\"e-font-icon-svg e-fas-minus\" viewbox=\"0 0 448 512\" xmlns=\"http:\/\/www.w3.org\/2000\/svg\"><path d=\"M416 208H32c-17.67 0-32 14.33-32 32v32c0 17.67 14.33 32 32 32h384c17.67 0 32-14.33 32-32v-32c0-17.67-14.33-32-32-32z\"><\/path><\/svg><\/span>\n\t\t\t<span class='e-closed'><svg aria-hidden=\"true\" class=\"e-font-icon-svg e-fas-plus\" viewbox=\"0 0 448 512\" xmlns=\"http:\/\/www.w3.org\/2000\/svg\"><path d=\"M416 208H272V64c0-17.67-14.33-32-32-32h-32c-17.67 0-32 14.33-32 32v144H32c-17.67 0-32 14.33-32 32v32c0 17.67 14.33 32 32 32h144v144c0 17.67 14.33 32 32 32h32c17.67 0 32-14.33 32-32V304h144c17.67 0 32-14.33 32-32v-32c0-17.67-14.33-32-32-32z\"><\/path><\/svg><\/span>\n\t\t<\/span>\n\n\t\t\t\t\t\t<\/summary>\n\t\t\t\t<div role=\"region\" aria-labelledby=\"e-n-accordion-item-6520\" class=\"elementor-element elementor-element-d7e56dd e-con-full e-flex e-con e-child\" data-id=\"d7e56dd\" data-element_type=\"container\" data-e-type=\"container\" data-settings=\"{&quot;jet_parallax_layout_list&quot;:[]}\">\n\t\t\t\t<div class=\"elementor-element elementor-element-cbf754e elementor-widget elementor-widget-text-editor\" data-id=\"cbf754e\" data-element_type=\"widget\" data-e-type=\"widget\" data-widget_type=\"text-editor.default\">\n\t\t\t\t<div class=\"elementor-widget-container\">\n\t\t\t\t\t\t\t\t\t<p>Our servers are located in Switzerland, within one of the most virtuous infrastructures in Europe, and are replicated within the ElasticSearch servers to respond in record time to your Internet users' search requests.<\/p>\t\t\t\t\t\t\t\t<\/div>\n\t\t\t\t<\/div>\n\t\t\t\t<\/div>\n\t\t\t\t\t<\/details>\n\t\t\t\t\t\t<details id=\"e-n-accordion-item-6521\" class=\"e-n-accordion-item\" >\n\t\t\t\t<summary class=\"e-n-accordion-item-title\" data-accordion-index=\"2\" tabindex=\"-1\" aria-expanded=\"false\" aria-controls=\"e-n-accordion-item-6521\" >\n\t\t\t\t\t<span class='e-n-accordion-item-title-header'><div class=\"e-n-accordion-item-title-text\"> How quickly can I access EveryParts? <\/div><\/span>\n\t\t\t\t\t\t\t<span class='e-n-accordion-item-title-icon'>\n\t\t\t<span class='e-opened' ><svg aria-hidden=\"true\" class=\"e-font-icon-svg e-fas-minus\" viewbox=\"0 0 448 512\" xmlns=\"http:\/\/www.w3.org\/2000\/svg\"><path d=\"M416 208H32c-17.67 0-32 14.33-32 32v32c0 17.67 14.33 32 32 32h384c17.67 0 32-14.33 32-32v-32c0-17.67-14.33-32-32-32z\"><\/path><\/svg><\/span>\n\t\t\t<span class='e-closed'><svg aria-hidden=\"true\" class=\"e-font-icon-svg e-fas-plus\" viewbox=\"0 0 448 512\" xmlns=\"http:\/\/www.w3.org\/2000\/svg\"><path d=\"M416 208H272V64c0-17.67-14.33-32-32-32h-32c-17.67 0-32 14.33-32 32v144H32c-17.67 0-32 14.33-32 32v32c0 17.67 14.33 32 32 32h144v144c0 17.67 14.33 32 32 32h32c17.67 0 32-14.33 32-32V304h144c17.67 0 32-14.33 32-32v-32c0-17.67-14.33-32-32-32z\"><\/path><\/svg><\/span>\n\t\t<\/span>\n\n\t\t\t\t\t\t<\/summary>\n\t\t\t\t<div role=\"region\" aria-labelledby=\"e-n-accordion-item-6521\" class=\"elementor-element elementor-element-156665c e-con-full e-flex e-con e-child\" data-id=\"156665c\" data-element_type=\"container\" data-e-type=\"container\" data-settings=\"{&quot;jet_parallax_layout_list&quot;:[]}\">\n\t\t\t\t<div class=\"elementor-element elementor-element-fcda2bf elementor-widget elementor-widget-text-editor\" data-id=\"fcda2bf\" data-element_type=\"widget\" data-e-type=\"widget\" data-widget_type=\"text-editor.default\">\n\t\t\t\t<div class=\"elementor-widget-container\">\n\t\t\t\t\t\t\t\t\t<p>Your private instance of EveryParts is deployed within a few hours on our servers, you receive instant access to the Dashboard and can start using the solution. The availability of our search engine on your e-comerce depends on the solution used and your integrator. Don't hesitate to contact our team!<\/p>\t\t\t\t\t\t\t\t<\/div>\n\t\t\t\t<\/div>\n\t\t\t\t<\/div>\n\t\t\t\t\t<\/details>\n\t\t\t\t\t\t<details id=\"e-n-accordion-item-6522\" class=\"e-n-accordion-item\" >\n\t\t\t\t<summary class=\"e-n-accordion-item-title\" data-accordion-index=\"3\" tabindex=\"-1\" aria-expanded=\"false\" aria-controls=\"e-n-accordion-item-6522\" >\n\t\t\t\t\t<span class='e-n-accordion-item-title-header'><div class=\"e-n-accordion-item-title-text\"> Is my data shared? <\/div><\/span>\n\t\t\t\t\t\t\t<span class='e-n-accordion-item-title-icon'>\n\t\t\t<span class='e-opened' ><svg aria-hidden=\"true\" class=\"e-font-icon-svg e-fas-minus\" viewbox=\"0 0 448 512\" xmlns=\"http:\/\/www.w3.org\/2000\/svg\"><path d=\"M416 208H32c-17.67 0-32 14.33-32 32v32c0 17.67 14.33 32 32 32h384c17.67 0 32-14.33 32-32v-32c0-17.67-14.33-32-32-32z\"><\/path><\/svg><\/span>\n\t\t\t<span class='e-closed'><svg aria-hidden=\"true\" class=\"e-font-icon-svg e-fas-plus\" viewbox=\"0 0 448 512\" xmlns=\"http:\/\/www.w3.org\/2000\/svg\"><path d=\"M416 208H272V64c0-17.67-14.33-32-32-32h-32c-17.67 0-32 14.33-32 32v144H32c-17.67 0-32 14.33-32 32v32c0 17.67 14.33 32 32 32h144v144c0 17.67 14.33 32 32 32h32c17.67 0 32-14.33 32-32V304h144c17.67 0 32-14.33 32-32v-32c0-17.67-14.33-32-32-32z\"><\/path><\/svg><\/span>\n\t\t<\/span>\n\n\t\t\t\t\t\t<\/summary>\n\t\t\t\t<div role=\"region\" aria-labelledby=\"e-n-accordion-item-6522\" class=\"elementor-element elementor-element-251f475 e-con-full e-flex e-con e-child\" data-id=\"251f475\" data-element_type=\"container\" data-e-type=\"container\" data-settings=\"{&quot;jet_parallax_layout_list&quot;:[]}\">\n\t\t\t\t<div class=\"elementor-element elementor-element-c49470d elementor-widget elementor-widget-text-editor\" data-id=\"c49470d\" data-element_type=\"widget\" data-e-type=\"widget\" data-widget_type=\"text-editor.default\">\n\t\t\t\t<div class=\"elementor-widget-container\">\n\t\t\t\t\t\t\t\t\t<p>We do not share your data with third parties. We may carry out research and statistical work using data from the FREE and Trial plans to enrich and optimise our solution.<\/p>\t\t\t\t\t\t\t\t<\/div>\n\t\t\t\t<\/div>\n\t\t\t\t<\/div>\n\t\t\t\t\t<\/details>\n\t\t\t\t\t\t<details id=\"e-n-accordion-item-6523\" class=\"e-n-accordion-item\" >\n\t\t\t\t<summary class=\"e-n-accordion-item-title\" data-accordion-index=\"4\" tabindex=\"-1\" aria-expanded=\"false\" aria-controls=\"e-n-accordion-item-6523\" >\n\t\t\t\t\t<span class='e-n-accordion-item-title-header'><div class=\"e-n-accordion-item-title-text\"> Do you offer compatibility data? <\/div><\/span>\n\t\t\t\t\t\t\t<span class='e-n-accordion-item-title-icon'>\n\t\t\t<span class='e-opened' ><svg aria-hidden=\"true\" class=\"e-font-icon-svg e-fas-minus\" viewbox=\"0 0 448 512\" xmlns=\"http:\/\/www.w3.org\/2000\/svg\"><path d=\"M416 208H32c-17.67 0-32 14.33-32 32v32c0 17.67 14.33 32 32 32h384c17.67 0 32-14.33 32-32v-32c0-17.67-14.33-32-32-32z\"><\/path><\/svg><\/span>\n\t\t\t<span class='e-closed'><svg aria-hidden=\"true\" class=\"e-font-icon-svg e-fas-plus\" viewbox=\"0 0 448 512\" xmlns=\"http:\/\/www.w3.org\/2000\/svg\"><path d=\"M416 208H272V64c0-17.67-14.33-32-32-32h-32c-17.67 0-32 14.33-32 32v144H32c-17.67 0-32 14.33-32 32v32c0 17.67 14.33 32 32 32h144v144c0 17.67 14.33 32 32 32h32c17.67 0 32-14.33 32-32V304h144c17.67 0 32-14.33 32-32v-32c0-17.67-14.33-32-32-32z\"><\/path><\/svg><\/span>\n\t\t<\/span>\n\n\t\t\t\t\t\t<\/summary>\n\t\t\t\t<div role=\"region\" aria-labelledby=\"e-n-accordion-item-6523\" class=\"elementor-element elementor-element-a7601d1 e-con-full e-flex e-con e-child\" data-id=\"a7601d1\" data-element_type=\"container\" data-e-type=\"container\" data-settings=\"{&quot;jet_parallax_layout_list&quot;:[]}\">\n\t\t\t\t<div class=\"elementor-element elementor-element-e247e39 elementor-widget elementor-widget-text-editor\" data-id=\"e247e39\" data-element_type=\"widget\" data-e-type=\"widget\" data-widget_type=\"text-editor.default\">\n\t\t\t\t<div class=\"elementor-widget-container\">\n\t\t\t\t\t\t\t\t\t<p>We offer data sources from our data partners according to your sector of activity. Unfortunately, we cannot offer you third-party data for which you do not have the rights of use or exploitation.<\/p>\t\t\t\t\t\t\t\t<\/div>\n\t\t\t\t<\/div>\n\t\t\t\t<\/div>\n\t\t\t\t\t<\/details>\n\t\t\t\t\t<\/div>\n\t\t\t\t\t\t<\/div>\n\t\t\t\t<\/div>\n\t\t\t\t\t<\/div>\n\t\t\t\t<\/div>\n\t\t<div class=\"elementor-element elementor-element-68f1bfb e-flex e-con-boxed e-con e-parent\" data-id=\"68f1bfb\" data-element_type=\"container\" data-e-type=\"container\" data-settings=\"{&quot;jet_parallax_layout_list&quot;:[]}\">\n\t\t\t\t\t<div class=\"e-con-inner\">\n\t\t\t\t\t<\/div>\n\t\t\t\t<\/div>\n\t\t\t\t<\/div>","protected":false},"excerpt":{"rendered":"<p>Les questions les plus fr\u00e9quentes Les questions que nos clients nous ont pos\u00e9 tr\u00e8s souvent&#8230; O\u00f9 sont h\u00e9berg\u00e9es les donn\u00e9es ? Nos serveurs sont situ\u00e9s en Suisse, au sein d\u2019une des infrastructure les plus vertueuses d\u2019Europe et sont r\u00e9pliqu\u00e9s au sein des serveurs ElasticSearch pour r\u00e9pondre en un temps record \u00e0 la requ\u00eate de recherche [&hellip;]<\/p>\n","protected":false},"author":1,"featured_media":0,"parent":0,"menu_order":0,"comment_status":"closed","ping_status":"closed","template":"","meta":{"footnotes":""},"class_list":["post-441","page","type-page","status-publish","hentry"],"yoast_head":"<!-- This site is optimized with the Yoast SEO plugin v27.3 - https:\/\/yoast.com\/product\/yoast-seo-wordpress\/ -->\n<title>Questions fr\u00e9quentes au sujet de EveryParts<\/title>\n<meta name=\"description\" content=\"Every Parts permet de g\u00e9rer vos bases de donn\u00e9es de pi\u00e8ces d\u00e9tach\u00e9es, accessoires et consommable pour booster vos ventes\" \/>\n<meta name=\"robots\" content=\"index, follow, max-snippet:-1, max-image-preview:large, max-video-preview:-1\" \/>\n<link rel=\"canonical\" href=\"https:\/\/www.every-parts.com\/en\/frequently-asked-questions\/\" \/>\n<meta property=\"og:locale\" content=\"en_GB\" \/>\n<meta property=\"og:type\" content=\"article\" \/>\n<meta property=\"og:title\" content=\"Questions fr\u00e9quentes au sujet de EveryParts\" \/>\n<meta property=\"og:description\" content=\"Every Parts permet de g\u00e9rer vos bases de donn\u00e9es de pi\u00e8ces d\u00e9tach\u00e9es, accessoires et consommable pour booster vos ventes\" \/>\n<meta property=\"og:url\" content=\"https:\/\/www.every-parts.com\/en\/frequently-asked-questions\/\" \/>\n<meta property=\"og:site_name\" content=\"EveryParts\" \/>\n<meta property=\"article:modified_time\" content=\"2024-09-27T10:31:59+00:00\" \/>\n<meta name=\"twitter:card\" content=\"summary_large_image\" \/>\n<meta name=\"twitter:label1\" content=\"Estimated reading time\" \/>\n\t<meta name=\"twitter:data1\" content=\"2 minutes\" \/>\n<script type=\"application\/ld+json\" class=\"yoast-schema-graph\">{\"@context\":\"https:\\\/\\\/schema.org\",\"@graph\":[{\"@type\":\"WebPage\",\"@id\":\"https:\\\/\\\/www.every-parts.com\\\/foire-aux-questions\\\/\",\"url\":\"https:\\\/\\\/www.every-parts.com\\\/foire-aux-questions\\\/\",\"name\":\"Questions fr\u00e9quentes au sujet de EveryParts\",\"isPartOf\":{\"@id\":\"https:\\\/\\\/www.every-parts.com\\\/#website\"},\"datePublished\":\"2024-09-18T14:29:54+00:00\",\"dateModified\":\"2024-09-27T10:31:59+00:00\",\"description\":\"Every Parts permet de g\u00e9rer vos bases de donn\u00e9es de pi\u00e8ces d\u00e9tach\u00e9es, accessoires et consommable pour booster vos ventes\",\"breadcrumb\":{\"@id\":\"https:\\\/\\\/www.every-parts.com\\\/foire-aux-questions\\\/#breadcrumb\"},\"inLanguage\":\"en-GB\",\"potentialAction\":[{\"@type\":\"ReadAction\",\"target\":[\"https:\\\/\\\/www.every-parts.com\\\/foire-aux-questions\\\/\"]}]},{\"@type\":\"BreadcrumbList\",\"@id\":\"https:\\\/\\\/www.every-parts.com\\\/foire-aux-questions\\\/#breadcrumb\",\"itemListElement\":[{\"@type\":\"ListItem\",\"position\":1,\"name\":\"Accueil\",\"item\":\"https:\\\/\\\/www.every-parts.com\\\/\"},{\"@type\":\"ListItem\",\"position\":2,\"name\":\"Foire au questions\"}]},{\"@type\":\"WebSite\",\"@id\":\"https:\\\/\\\/www.every-parts.com\\\/#website\",\"url\":\"https:\\\/\\\/www.every-parts.com\\\/\",\"name\":\"EveryParts\",\"description\":\"\",\"publisher\":{\"@id\":\"https:\\\/\\\/www.every-parts.com\\\/#organization\"},\"potentialAction\":[{\"@type\":\"SearchAction\",\"target\":{\"@type\":\"EntryPoint\",\"urlTemplate\":\"https:\\\/\\\/www.every-parts.com\\\/?s={search_term_string}\"},\"query-input\":{\"@type\":\"PropertyValueSpecification\",\"valueRequired\":true,\"valueName\":\"search_term_string\"}}],\"inLanguage\":\"en-GB\"},{\"@type\":\"Organization\",\"@id\":\"https:\\\/\\\/www.every-parts.com\\\/#organization\",\"name\":\"EveryParts\",\"url\":\"https:\\\/\\\/www.every-parts.com\\\/\",\"logo\":{\"@type\":\"ImageObject\",\"inLanguage\":\"en-GB\",\"@id\":\"https:\\\/\\\/www.every-parts.com\\\/#\\\/schema\\\/logo\\\/image\\\/\",\"url\":\"https:\\\/\\\/www.every-parts.com\\\/wp-content\\\/uploads\\\/2024\\\/09\\\/logo-everyparts-darkgreen.png\",\"contentUrl\":\"https:\\\/\\\/www.every-parts.com\\\/wp-content\\\/uploads\\\/2024\\\/09\\\/logo-everyparts-darkgreen.png\",\"width\":1080,\"height\":208,\"caption\":\"EveryParts\"},\"image\":{\"@id\":\"https:\\\/\\\/www.every-parts.com\\\/#\\\/schema\\\/logo\\\/image\\\/\"}}]}<\/script>\n<!-- \/ Yoast SEO plugin. -->","yoast_head_json":{"title":"Frequently asked questions about EveryParts","description":"Every Parts lets you manage your databases of spare parts, accessories and consumables to boost your sales.","robots":{"index":"index","follow":"follow","max-snippet":"max-snippet:-1","max-image-preview":"max-image-preview:large","max-video-preview":"max-video-preview:-1"},"canonical":"https:\/\/www.every-parts.com\/en\/frequently-asked-questions\/","og_locale":"en_GB","og_type":"article","og_title":"Questions fr\u00e9quentes au sujet de EveryParts","og_description":"Every Parts permet de g\u00e9rer vos bases de donn\u00e9es de pi\u00e8ces d\u00e9tach\u00e9es, accessoires et consommable pour booster vos ventes","og_url":"https:\/\/www.every-parts.com\/en\/frequently-asked-questions\/","og_site_name":"EveryParts","article_modified_time":"2024-09-27T10:31:59+00:00","twitter_card":"summary_large_image","twitter_misc":{"Estimated reading time":"2 minutes"},"schema":{"@context":"https:\/\/schema.org","@graph":[{"@type":"WebPage","@id":"https:\/\/www.every-parts.com\/foire-aux-questions\/","url":"https:\/\/www.every-parts.com\/foire-aux-questions\/","name":"Frequently asked questions about EveryParts","isPartOf":{"@id":"https:\/\/www.every-parts.com\/#website"},"datePublished":"2024-09-18T14:29:54+00:00","dateModified":"2024-09-27T10:31:59+00:00","description":"Every Parts lets you manage your databases of spare parts, accessories and consumables to boost your sales.","breadcrumb":{"@id":"https:\/\/www.every-parts.com\/foire-aux-questions\/#breadcrumb"},"inLanguage":"en-GB","potentialAction":[{"@type":"ReadAction","target":["https:\/\/www.every-parts.com\/foire-aux-questions\/"]}]},{"@type":"BreadcrumbList","@id":"https:\/\/www.every-parts.com\/foire-aux-questions\/#breadcrumb","itemListElement":[{"@type":"ListItem","position":1,"name":"Accueil","item":"https:\/\/www.every-parts.com\/"},{"@type":"ListItem","position":2,"name":"Foire au questions"}]},{"@type":"WebSite","@id":"https:\/\/www.every-parts.com\/#website","url":"https:\/\/www.every-parts.com\/","name":"EveryParts","description":"","publisher":{"@id":"https:\/\/www.every-parts.com\/#organization"},"potentialAction":[{"@type":"SearchAction","target":{"@type":"EntryPoint","urlTemplate":"https:\/\/www.every-parts.com\/?s={search_term_string}"},"query-input":{"@type":"PropertyValueSpecification","valueRequired":true,"valueName":"search_term_string"}}],"inLanguage":"en-GB"},{"@type":"Organization","@id":"https:\/\/www.every-parts.com\/#organization","name":"EveryParts","url":"https:\/\/www.every-parts.com\/","logo":{"@type":"ImageObject","inLanguage":"en-GB","@id":"https:\/\/www.every-parts.com\/#\/schema\/logo\/image\/","url":"https:\/\/www.every-parts.com\/wp-content\/uploads\/2024\/09\/logo-everyparts-darkgreen.png","contentUrl":"https:\/\/www.every-parts.com\/wp-content\/uploads\/2024\/09\/logo-everyparts-darkgreen.png","width":1080,"height":208,"caption":"EveryParts"},"image":{"@id":"https:\/\/www.every-parts.com\/#\/schema\/logo\/image\/"}}]}},"_links":{"self":[{"href":"https:\/\/www.every-parts.com\/en\/wp-json\/wp\/v2\/pages\/441","targetHints":{"allow":["GET"]}}],"collection":[{"href":"https:\/\/www.every-parts.com\/en\/wp-json\/wp\/v2\/pages"}],"about":[{"href":"https:\/\/www.every-parts.com\/en\/wp-json\/wp\/v2\/types\/page"}],"author":[{"embeddable":true,"href":"https:\/\/www.every-parts.com\/en\/wp-json\/wp\/v2\/users\/1"}],"replies":[{"embeddable":true,"href":"https:\/\/www.every-parts.com\/en\/wp-json\/wp\/v2\/comments?post=441"}],"version-history":[{"count":39,"href":"https:\/\/www.every-parts.com\/en\/wp-json\/wp\/v2\/pages\/441\/revisions"}],"predecessor-version":[{"id":1243,"href":"https:\/\/www.every-parts.com\/en\/wp-json\/wp\/v2\/pages\/441\/revisions\/1243"}],"wp:attachment":[{"href":"https:\/\/www.every-parts.com\/en\/wp-json\/wp\/v2\/media?parent=441"}],"curies":[{"name":"wp","href":"https:\/\/api.w.org\/{rel}","templated":true}]}}