{"id":266,"date":"2024-09-18T12:21:36","date_gmt":"2024-09-18T10:21:36","guid":{"rendered":"https:\/\/dev.every-parts.com\/?page_id=266"},"modified":"2024-10-28T14:59:48","modified_gmt":"2024-10-28T13:59:48","slug":"prestashop-interface","status":"publish","type":"page","link":"https:\/\/www.every-parts.com\/en\/interface-prestashop\/","title":{"rendered":"Ecommerce Prestashop"},"content":{"rendered":"<div data-elementor-type=\"wp-page\" data-elementor-id=\"266\" class=\"elementor elementor-266\" data-elementor-post-type=\"page\">\n\t\t\t\t<div class=\"elementor-element elementor-element-d1f6e93 e-flex e-con-boxed e-con e-parent\" data-id=\"d1f6e93\" data-element_type=\"container\" data-e-type=\"container\" data-settings=\"{&quot;jet_parallax_layout_list&quot;:[]}\">\n\t\t\t\t\t<div class=\"e-con-inner\">\n\t\t<div class=\"elementor-element elementor-element-b21313a e-con-full e-flex e-con e-child\" data-id=\"b21313a\" data-element_type=\"container\" data-e-type=\"container\" data-settings=\"{&quot;jet_parallax_layout_list&quot;:[]}\">\n\t\t\t\t<div class=\"elementor-element elementor-element-b43dc1a elementor-widget elementor-widget-heading\" data-id=\"b43dc1a\" data-element_type=\"widget\" data-e-type=\"widget\" data-widget_type=\"heading.default\">\n\t\t\t\t<div class=\"elementor-widget-container\">\n\t\t\t\t\t<h1 class=\"elementor-heading-title elementor-size-default\">Spare parts module for PrestaShop<\/h1>\t\t\t\t<\/div>\n\t\t\t\t<\/div>\n\t\t\t\t<div class=\"elementor-element elementor-element-1eddca3 elementor-widget elementor-widget-text-editor\" data-id=\"1eddca3\" data-element_type=\"widget\" data-e-type=\"widget\" data-widget_type=\"text-editor.default\">\n\t\t\t\t<div class=\"elementor-widget-container\">\n\t\t\t\t\t\t\t\t\t<p>Whether you need to manage the compatibility of spare parts from your product catalogue or accessories and consumables to match a device, a vehicle or any other piece of equipment, our PrestaShop module provides a customer experience that impacts your conversion and optimum visibility on search engines.<\/p>\t\t\t\t\t\t\t\t<\/div>\n\t\t\t\t<\/div>\n\t\t<div class=\"elementor-element elementor-element-b20c0c3 e-con-full e-flex e-con e-child\" data-id=\"b20c0c3\" data-element_type=\"container\" data-e-type=\"container\" data-settings=\"{&quot;jet_parallax_layout_list&quot;:[]}\">\n\t\t\t\t<div class=\"jet-popup-target elementor-element elementor-element-292c890 elementor-mobile-align-justify elementor-widget-mobile__width-inherit elementor-widget elementor-widget-button\" data-jet-popup=\"{&quot;attached-popup&quot;:&quot;jet-popup-1127&quot;,&quot;trigger-type&quot;:&quot;click-self&quot;,&quot;trigger-custom-selector&quot;:&quot;&quot;}\" data-id=\"292c890\" data-element_type=\"widget\" data-e-type=\"widget\" data-widget_type=\"button.default\">\n\t\t\t\t<div class=\"elementor-widget-container\">\n\t\t\t\t\t\t\t\t\t<div class=\"elementor-button-wrapper\">\n\t\t\t\t\t<a class=\"elementor-button elementor-button-link elementor-size-sm\" href=\"#\">\n\t\t\t\t\t\t<span class=\"elementor-button-content-wrapper\">\n\t\t\t\t\t\t\t\t\t<span class=\"elementor-button-text\">Request a demo<\/span>\n\t\t\t\t\t<\/span>\n\t\t\t\t\t<\/a>\n\t\t\t\t<\/div>\n\t\t\t\t\t\t\t\t<\/div>\n\t\t\t\t<\/div>\n\t\t\t\t<\/div>\n\t\t\t\t<\/div>\n\t\t<div class=\"elementor-element elementor-element-91e9ba1 e-con-full e-flex e-con e-child\" data-id=\"91e9ba1\" data-element_type=\"container\" data-e-type=\"container\" data-settings=\"{&quot;jet_parallax_layout_list&quot;:[]}\">\n\t\t\t\t<div class=\"elementor-element elementor-element-5c6425c elementor-widget elementor-widget-image\" data-id=\"5c6425c\" data-element_type=\"widget\" data-e-type=\"widget\" data-widget_type=\"image.default\">\n\t\t\t\t<div class=\"elementor-widget-container\">\n\t\t\t\t\t\t\t\t\t\t\t\t\t\t\t<img fetchpriority=\"high\" decoding=\"async\" width=\"800\" height=\"716\" src=\"https:\/\/www.every-parts.com\/wp-content\/uploads\/2024\/09\/Slides-schema-1-1024x917.png\" class=\"attachment-large size-large wp-image-558\" alt=\"\" srcset=\"https:\/\/www.every-parts.com\/wp-content\/uploads\/2024\/09\/Slides-schema-1-1024x917.png 1024w, https:\/\/www.every-parts.com\/wp-content\/uploads\/2024\/09\/Slides-schema-1-300x269.png 300w, https:\/\/www.every-parts.com\/wp-content\/uploads\/2024\/09\/Slides-schema-1-768x688.png 768w, https:\/\/www.every-parts.com\/wp-content\/uploads\/2024\/09\/Slides-schema-1-1536x1375.png 1536w, https:\/\/www.every-parts.com\/wp-content\/uploads\/2024\/09\/Slides-schema-1-2048x1834.png 2048w\" sizes=\"(max-width: 800px) 100vw, 800px\" \/>\t\t\t\t\t\t\t\t\t\t\t\t\t\t\t<\/div>\n\t\t\t\t<\/div>\n\t\t\t\t<\/div>\n\t\t\t\t\t<\/div>\n\t\t\t\t<\/div>\n\t\t<div class=\"elementor-element elementor-element-6452880 e-flex e-con-boxed e-con e-parent\" data-id=\"6452880\" data-element_type=\"container\" data-e-type=\"container\" data-settings=\"{&quot;background_background&quot;:&quot;classic&quot;,&quot;jet_parallax_layout_list&quot;:[]}\">\n\t\t\t\t\t<div class=\"e-con-inner\">\n\t\t\t\t<div class=\"elementor-element elementor-element-fc2d1ed elementor-widget__width-inherit elementor-widget elementor-widget-heading\" data-id=\"fc2d1ed\" data-element_type=\"widget\" data-e-type=\"widget\" data-widget_type=\"heading.default\">\n\t\t\t\t<div class=\"elementor-widget-container\">\n\t\t\t\t\t<h2 class=\"elementor-heading-title elementor-size-default\">The ideal features for selling parts and accessories on Prestashop<\/h2>\t\t\t\t<\/div>\n\t\t\t\t<\/div>\n\t\t<div class=\"elementor-element elementor-element-857a780 e-con-full e-flex e-con e-child\" data-id=\"857a780\" data-element_type=\"container\" data-e-type=\"container\" data-settings=\"{&quot;jet_parallax_layout_list&quot;:[]}\">\n\t\t\t\t<div class=\"elementor-element elementor-element-7826a17 elementor-widget elementor-widget-image\" data-id=\"7826a17\" data-element_type=\"widget\" data-e-type=\"widget\" data-widget_type=\"image.default\">\n\t\t\t\t<div class=\"elementor-widget-container\">\n\t\t\t\t\t\t\t\t\t\t\t\t\t\t\t<img decoding=\"async\" width=\"667\" height=\"441\" src=\"https:\/\/www.every-parts.com\/wp-content\/uploads\/2024\/09\/search-1.png\" class=\"attachment-large size-large wp-image-565\" alt=\"\" srcset=\"https:\/\/www.every-parts.com\/wp-content\/uploads\/2024\/09\/search-1.png 667w, https:\/\/www.every-parts.com\/wp-content\/uploads\/2024\/09\/search-1-300x198.png 300w\" sizes=\"(max-width: 667px) 100vw, 667px\" \/>\t\t\t\t\t\t\t\t\t\t\t\t\t\t\t<\/div>\n\t\t\t\t<\/div>\n\t\t\t\t<div class=\"elementor-element elementor-element-0b1595c elementor-widget elementor-widget-heading\" data-id=\"0b1595c\" data-element_type=\"widget\" data-e-type=\"widget\" data-widget_type=\"heading.default\">\n\t\t\t\t<div class=\"elementor-widget-container\">\n\t\t\t\t\t<p class=\"elementor-heading-title elementor-size-default\">Step-by-step search engine\n<\/p>\t\t\t\t<\/div>\n\t\t\t\t<\/div>\n\t\t\t\t<div class=\"elementor-element elementor-element-f03e11b elementor-widget elementor-widget-heading\" data-id=\"f03e11b\" data-element_type=\"widget\" data-e-type=\"widget\" data-widget_type=\"heading.default\">\n\t\t\t\t<div class=\"elementor-widget-container\">\n\t\t\t\t\t<p class=\"elementor-heading-title elementor-size-default\">Provides access to a list of types, <br>trademarks and designs<\/p>\t\t\t\t<\/div>\n\t\t\t\t<\/div>\n\t\t\t\t<div class=\"elementor-element elementor-element-986fce7 elementor-mobile-align-justify elementor-hidden-widescreen elementor-hidden-desktop elementor-hidden-laptop elementor-hidden-tablet_extra elementor-hidden-tablet elementor-hidden-mobile elementor-widget elementor-widget-button\" data-id=\"986fce7\" data-element_type=\"widget\" data-e-type=\"widget\" data-widget_type=\"button.default\">\n\t\t\t\t<div class=\"elementor-widget-container\">\n\t\t\t\t\t\t\t\t\t<div class=\"elementor-button-wrapper\">\n\t\t\t\t\t<a class=\"elementor-button elementor-button-link elementor-size-sm\" href=\"#\">\n\t\t\t\t\t\t<span class=\"elementor-button-content-wrapper\">\n\t\t\t\t\t\t\t\t\t<span class=\"elementor-button-text\">Find out more<\/span>\n\t\t\t\t\t<\/span>\n\t\t\t\t\t<\/a>\n\t\t\t\t<\/div>\n\t\t\t\t\t\t\t\t<\/div>\n\t\t\t\t<\/div>\n\t\t\t\t<\/div>\n\t\t<div class=\"elementor-element elementor-element-f62135b e-con-full e-flex e-con e-child\" data-id=\"f62135b\" data-element_type=\"container\" data-e-type=\"container\" data-settings=\"{&quot;jet_parallax_layout_list&quot;:[]}\">\n\t\t\t\t<div class=\"elementor-element elementor-element-cd49993 elementor-widget elementor-widget-image\" data-id=\"cd49993\" data-element_type=\"widget\" data-e-type=\"widget\" data-widget_type=\"image.default\">\n\t\t\t\t<div class=\"elementor-widget-container\">\n\t\t\t\t\t\t\t\t\t\t\t\t\t\t\t<img decoding=\"async\" width=\"750\" height=\"500\" src=\"https:\/\/www.every-parts.com\/wp-content\/uploads\/2024\/09\/SEO.png\" class=\"attachment-large size-large wp-image-562\" alt=\"\" srcset=\"https:\/\/www.every-parts.com\/wp-content\/uploads\/2024\/09\/SEO.png 750w, https:\/\/www.every-parts.com\/wp-content\/uploads\/2024\/09\/SEO-300x200.png 300w\" sizes=\"(max-width: 750px) 100vw, 750px\" \/>\t\t\t\t\t\t\t\t\t\t\t\t\t\t\t<\/div>\n\t\t\t\t<\/div>\n\t\t\t\t<div class=\"elementor-element elementor-element-cab1abe elementor-widget elementor-widget-heading\" data-id=\"cab1abe\" data-element_type=\"widget\" data-e-type=\"widget\" data-widget_type=\"heading.default\">\n\t\t\t\t<div class=\"elementor-widget-container\">\n\t\t\t\t\t<p class=\"elementor-heading-title elementor-size-default\">SEO metadata management\n<\/p>\t\t\t\t<\/div>\n\t\t\t\t<\/div>\n\t\t\t\t<div class=\"elementor-element elementor-element-283f505 elementor-widget elementor-widget-heading\" data-id=\"283f505\" data-element_type=\"widget\" data-e-type=\"widget\" data-widget_type=\"heading.default\">\n\t\t\t\t<div class=\"elementor-widget-container\">\n\t\t\t\t\t<h3 class=\"elementor-heading-title elementor-size-default\">Optimise your SEO with advanced settings<\/h3>\t\t\t\t<\/div>\n\t\t\t\t<\/div>\n\t\t\t\t<div class=\"elementor-element elementor-element-5ed87cd elementor-mobile-align-justify elementor-hidden-widescreen elementor-hidden-desktop elementor-hidden-laptop elementor-hidden-tablet_extra elementor-hidden-tablet elementor-hidden-mobile elementor-widget elementor-widget-button\" data-id=\"5ed87cd\" data-element_type=\"widget\" data-e-type=\"widget\" data-widget_type=\"button.default\">\n\t\t\t\t<div class=\"elementor-widget-container\">\n\t\t\t\t\t\t\t\t\t<div class=\"elementor-button-wrapper\">\n\t\t\t\t\t<a class=\"elementor-button elementor-button-link elementor-size-sm\" href=\"#\">\n\t\t\t\t\t\t<span class=\"elementor-button-content-wrapper\">\n\t\t\t\t\t\t\t\t\t<span class=\"elementor-button-text\">Find out more<\/span>\n\t\t\t\t\t<\/span>\n\t\t\t\t\t<\/a>\n\t\t\t\t<\/div>\n\t\t\t\t\t\t\t\t<\/div>\n\t\t\t\t<\/div>\n\t\t\t\t<\/div>\n\t\t<div class=\"elementor-element elementor-element-d9646d2 e-con-full e-flex e-con e-child\" data-id=\"d9646d2\" data-element_type=\"container\" data-e-type=\"container\" data-settings=\"{&quot;jet_parallax_layout_list&quot;:[],&quot;background_background&quot;:&quot;classic&quot;}\">\n\t\t\t\t<div class=\"elementor-element elementor-element-0c53596 elementor-widget elementor-widget-image\" data-id=\"0c53596\" data-element_type=\"widget\" data-e-type=\"widget\" data-widget_type=\"image.default\">\n\t\t\t\t<div class=\"elementor-widget-container\">\n\t\t\t\t\t\t\t\t\t\t\t\t\t\t\t<img loading=\"lazy\" decoding=\"async\" width=\"500\" height=\"500\" src=\"https:\/\/www.every-parts.com\/wp-content\/uploads\/2024\/09\/compatible.png\" class=\"attachment-large size-large wp-image-566\" alt=\"\" srcset=\"https:\/\/www.every-parts.com\/wp-content\/uploads\/2024\/09\/compatible.png 500w, https:\/\/www.every-parts.com\/wp-content\/uploads\/2024\/09\/compatible-300x300.png 300w, https:\/\/www.every-parts.com\/wp-content\/uploads\/2024\/09\/compatible-150x150.png 150w\" sizes=\"(max-width: 500px) 100vw, 500px\" \/>\t\t\t\t\t\t\t\t\t\t\t\t\t\t\t<\/div>\n\t\t\t\t<\/div>\n\t\t\t\t<div class=\"elementor-element elementor-element-fb0eb05 elementor-widget elementor-widget-heading\" data-id=\"fb0eb05\" data-element_type=\"widget\" data-e-type=\"widget\" data-widget_type=\"heading.default\">\n\t\t\t\t<div class=\"elementor-widget-container\">\n\t\t\t\t\t<p class=\"elementor-heading-title elementor-size-default\">Compatibility information\n<\/p>\t\t\t\t<\/div>\n\t\t\t\t<\/div>\n\t\t\t\t<div class=\"elementor-element elementor-element-c1a58c6 elementor-widget elementor-widget-heading\" data-id=\"c1a58c6\" data-element_type=\"widget\" data-e-type=\"widget\" data-widget_type=\"heading.default\">\n\t\t\t\t<div class=\"elementor-widget-container\">\n\t\t\t\t\t<h3 class=\"elementor-heading-title elementor-size-default\">Reassure your customers about the compatibility of a part or accessory<\/h3>\t\t\t\t<\/div>\n\t\t\t\t<\/div>\n\t\t\t\t<div class=\"elementor-element elementor-element-38e375d elementor-mobile-align-justify elementor-hidden-widescreen elementor-hidden-desktop elementor-hidden-laptop elementor-hidden-tablet_extra elementor-hidden-tablet elementor-hidden-mobile elementor-widget elementor-widget-button\" data-id=\"38e375d\" data-element_type=\"widget\" data-e-type=\"widget\" data-widget_type=\"button.default\">\n\t\t\t\t<div class=\"elementor-widget-container\">\n\t\t\t\t\t\t\t\t\t<div class=\"elementor-button-wrapper\">\n\t\t\t\t\t<a class=\"elementor-button elementor-button-link elementor-size-sm\" href=\"#\">\n\t\t\t\t\t\t<span class=\"elementor-button-content-wrapper\">\n\t\t\t\t\t\t\t\t\t<span class=\"elementor-button-text\">Find out more<\/span>\n\t\t\t\t\t<\/span>\n\t\t\t\t\t<\/a>\n\t\t\t\t<\/div>\n\t\t\t\t\t\t\t\t<\/div>\n\t\t\t\t<\/div>\n\t\t\t\t<\/div>\n\t\t\t\t\t<\/div>\n\t\t\t\t<\/div>\n\t\t<div class=\"elementor-element elementor-element-60e7c26 elementor-hidden-widescreen elementor-hidden-desktop elementor-hidden-laptop elementor-hidden-tablet_extra elementor-hidden-tablet elementor-hidden-mobile e-flex e-con-boxed e-con e-parent\" data-id=\"60e7c26\" data-element_type=\"container\" data-e-type=\"container\" data-settings=\"{&quot;background_background&quot;:&quot;classic&quot;,&quot;jet_parallax_layout_list&quot;:[]}\">\n\t\t\t\t\t<div class=\"e-con-inner\">\n\t\t\t\t<div class=\"elementor-element elementor-element-eb199a9 elementor-widget__width-inherit elementor-widget elementor-widget-heading\" data-id=\"eb199a9\" data-element_type=\"widget\" data-e-type=\"widget\" data-widget_type=\"heading.default\">\n\t\t\t\t<div class=\"elementor-widget-container\">\n\t\t\t\t\t<h2 class=\"elementor-heading-title elementor-size-default\">Key features of the PRESTASHOP EveryParts make &amp; model search module<\/h2>\t\t\t\t<\/div>\n\t\t\t\t<\/div>\n\t\t\t\t\t<\/div>\n\t\t\t\t<\/div>\n\t\t\t\t<\/div>","protected":false},"excerpt":{"rendered":"<p>Module pi\u00e8ces d\u00e9tach\u00e9es pour PrestaShop Que ce soit pour la gestion de compatibilit\u00e9s entre pi\u00e8ces d\u00e9tach\u00e9es issues de votre catalogue produits ou d&rsquo;accessoires et consommables \u00e0 mettre en relation avec un appareil, un v\u00e9hicule ou n&rsquo;importe quel \u00e9quipement, notre module PrestaShop apporte une exp\u00e9rience client impactant votre conversion et une visibilit\u00e9 optimale sur les moteurs [&hellip;]<\/p>\n","protected":false},"author":1,"featured_media":0,"parent":0,"menu_order":0,"comment_status":"closed","ping_status":"closed","template":"","meta":{"footnotes":""},"class_list":["post-266","page","type-page","status-publish","hentry"],"yoast_head":"<!-- This site is optimized with the Yoast SEO plugin v27.3 - https:\/\/yoast.com\/product\/yoast-seo-wordpress\/ -->\n<title>Ecommerce Prestashop - EveryParts<\/title>\n<meta name=\"robots\" content=\"index, follow, max-snippet:-1, max-image-preview:large, max-video-preview:-1\" \/>\n<link rel=\"canonical\" href=\"https:\/\/www.every-parts.com\/en\/prestashop-interface\/\" \/>\n<meta property=\"og:locale\" content=\"en_GB\" \/>\n<meta property=\"og:type\" content=\"article\" \/>\n<meta property=\"og:title\" content=\"Ecommerce Prestashop - EveryParts\" \/>\n<meta property=\"og:description\" content=\"Module pi\u00e8ces d\u00e9tach\u00e9es pour PrestaShop Que ce soit pour la gestion de compatibilit\u00e9s entre pi\u00e8ces d\u00e9tach\u00e9es issues de votre catalogue produits ou d&rsquo;accessoires et consommables \u00e0 mettre en relation avec un appareil, un v\u00e9hicule ou n&rsquo;importe quel \u00e9quipement, notre module PrestaShop apporte une exp\u00e9rience client impactant votre conversion et une visibilit\u00e9 optimale sur les moteurs [&hellip;]\" \/>\n<meta property=\"og:url\" content=\"https:\/\/www.every-parts.com\/en\/prestashop-interface\/\" \/>\n<meta property=\"og:site_name\" content=\"EveryParts\" \/>\n<meta property=\"article:modified_time\" content=\"2024-10-28T13:59:48+00:00\" \/>\n<meta property=\"og:image\" content=\"https:\/\/www.every-parts.com\/wp-content\/uploads\/2024\/09\/Slides-schema-1.png\" \/>\n\t<meta property=\"og:image:width\" content=\"4116\" \/>\n\t<meta property=\"og:image:height\" content=\"3685\" \/>\n\t<meta property=\"og:image:type\" content=\"image\/png\" \/>\n<meta name=\"twitter:card\" content=\"summary_large_image\" \/>\n<meta name=\"twitter:label1\" content=\"Estimated reading time\" \/>\n\t<meta name=\"twitter:data1\" content=\"2 minutes\" \/>\n<script type=\"application\/ld+json\" class=\"yoast-schema-graph\">{\"@context\":\"https:\\\/\\\/schema.org\",\"@graph\":[{\"@type\":\"WebPage\",\"@id\":\"https:\\\/\\\/www.every-parts.com\\\/interface-prestashop\\\/\",\"url\":\"https:\\\/\\\/www.every-parts.com\\\/interface-prestashop\\\/\",\"name\":\"Ecommerce Prestashop - EveryParts\",\"isPartOf\":{\"@id\":\"https:\\\/\\\/www.every-parts.com\\\/#website\"},\"primaryImageOfPage\":{\"@id\":\"https:\\\/\\\/www.every-parts.com\\\/interface-prestashop\\\/#primaryimage\"},\"image\":{\"@id\":\"https:\\\/\\\/www.every-parts.com\\\/interface-prestashop\\\/#primaryimage\"},\"thumbnailUrl\":\"https:\\\/\\\/www.every-parts.com\\\/wp-content\\\/uploads\\\/2024\\\/09\\\/Slides-schema-1-1024x917.png\",\"datePublished\":\"2024-09-18T10:21:36+00:00\",\"dateModified\":\"2024-10-28T13:59:48+00:00\",\"breadcrumb\":{\"@id\":\"https:\\\/\\\/www.every-parts.com\\\/interface-prestashop\\\/#breadcrumb\"},\"inLanguage\":\"en-GB\",\"potentialAction\":[{\"@type\":\"ReadAction\",\"target\":[\"https:\\\/\\\/www.every-parts.com\\\/interface-prestashop\\\/\"]}]},{\"@type\":\"ImageObject\",\"inLanguage\":\"en-GB\",\"@id\":\"https:\\\/\\\/www.every-parts.com\\\/interface-prestashop\\\/#primaryimage\",\"url\":\"https:\\\/\\\/www.every-parts.com\\\/wp-content\\\/uploads\\\/2024\\\/09\\\/Slides-schema-1-1024x917.png\",\"contentUrl\":\"https:\\\/\\\/www.every-parts.com\\\/wp-content\\\/uploads\\\/2024\\\/09\\\/Slides-schema-1-1024x917.png\"},{\"@type\":\"BreadcrumbList\",\"@id\":\"https:\\\/\\\/www.every-parts.com\\\/interface-prestashop\\\/#breadcrumb\",\"itemListElement\":[{\"@type\":\"ListItem\",\"position\":1,\"name\":\"Accueil\",\"item\":\"https:\\\/\\\/www.every-parts.com\\\/\"},{\"@type\":\"ListItem\",\"position\":2,\"name\":\"Ecommerce Prestashop\"}]},{\"@type\":\"WebSite\",\"@id\":\"https:\\\/\\\/www.every-parts.com\\\/#website\",\"url\":\"https:\\\/\\\/www.every-parts.com\\\/\",\"name\":\"EveryParts\",\"description\":\"\",\"publisher\":{\"@id\":\"https:\\\/\\\/www.every-parts.com\\\/#organization\"},\"potentialAction\":[{\"@type\":\"SearchAction\",\"target\":{\"@type\":\"EntryPoint\",\"urlTemplate\":\"https:\\\/\\\/www.every-parts.com\\\/?s={search_term_string}\"},\"query-input\":{\"@type\":\"PropertyValueSpecification\",\"valueRequired\":true,\"valueName\":\"search_term_string\"}}],\"inLanguage\":\"en-GB\"},{\"@type\":\"Organization\",\"@id\":\"https:\\\/\\\/www.every-parts.com\\\/#organization\",\"name\":\"EveryParts\",\"url\":\"https:\\\/\\\/www.every-parts.com\\\/\",\"logo\":{\"@type\":\"ImageObject\",\"inLanguage\":\"en-GB\",\"@id\":\"https:\\\/\\\/www.every-parts.com\\\/#\\\/schema\\\/logo\\\/image\\\/\",\"url\":\"https:\\\/\\\/www.every-parts.com\\\/wp-content\\\/uploads\\\/2024\\\/09\\\/logo-everyparts-darkgreen.png\",\"contentUrl\":\"https:\\\/\\\/www.every-parts.com\\\/wp-content\\\/uploads\\\/2024\\\/09\\\/logo-everyparts-darkgreen.png\",\"width\":1080,\"height\":208,\"caption\":\"EveryParts\"},\"image\":{\"@id\":\"https:\\\/\\\/www.every-parts.com\\\/#\\\/schema\\\/logo\\\/image\\\/\"}}]}<\/script>\n<!-- \/ Yoast SEO plugin. -->","yoast_head_json":{"title":"Ecommerce Prestashop - EveryParts","robots":{"index":"index","follow":"follow","max-snippet":"max-snippet:-1","max-image-preview":"max-image-preview:large","max-video-preview":"max-video-preview:-1"},"canonical":"https:\/\/www.every-parts.com\/en\/prestashop-interface\/","og_locale":"en_GB","og_type":"article","og_title":"Ecommerce Prestashop - EveryParts","og_description":"Module pi\u00e8ces d\u00e9tach\u00e9es pour PrestaShop Que ce soit pour la gestion de compatibilit\u00e9s entre pi\u00e8ces d\u00e9tach\u00e9es issues de votre catalogue produits ou d&rsquo;accessoires et consommables \u00e0 mettre en relation avec un appareil, un v\u00e9hicule ou n&rsquo;importe quel \u00e9quipement, notre module PrestaShop apporte une exp\u00e9rience client impactant votre conversion et une visibilit\u00e9 optimale sur les moteurs [&hellip;]","og_url":"https:\/\/www.every-parts.com\/en\/prestashop-interface\/","og_site_name":"EveryParts","article_modified_time":"2024-10-28T13:59:48+00:00","og_image":[{"width":4116,"height":3685,"url":"https:\/\/www.every-parts.com\/wp-content\/uploads\/2024\/09\/Slides-schema-1.png","type":"image\/png"}],"twitter_card":"summary_large_image","twitter_misc":{"Estimated reading time":"2 minutes"},"schema":{"@context":"https:\/\/schema.org","@graph":[{"@type":"WebPage","@id":"https:\/\/www.every-parts.com\/interface-prestashop\/","url":"https:\/\/www.every-parts.com\/interface-prestashop\/","name":"Ecommerce Prestashop - EveryParts","isPartOf":{"@id":"https:\/\/www.every-parts.com\/#website"},"primaryImageOfPage":{"@id":"https:\/\/www.every-parts.com\/interface-prestashop\/#primaryimage"},"image":{"@id":"https:\/\/www.every-parts.com\/interface-prestashop\/#primaryimage"},"thumbnailUrl":"https:\/\/www.every-parts.com\/wp-content\/uploads\/2024\/09\/Slides-schema-1-1024x917.png","datePublished":"2024-09-18T10:21:36+00:00","dateModified":"2024-10-28T13:59:48+00:00","breadcrumb":{"@id":"https:\/\/www.every-parts.com\/interface-prestashop\/#breadcrumb"},"inLanguage":"en-GB","potentialAction":[{"@type":"ReadAction","target":["https:\/\/www.every-parts.com\/interface-prestashop\/"]}]},{"@type":"ImageObject","inLanguage":"en-GB","@id":"https:\/\/www.every-parts.com\/interface-prestashop\/#primaryimage","url":"https:\/\/www.every-parts.com\/wp-content\/uploads\/2024\/09\/Slides-schema-1-1024x917.png","contentUrl":"https:\/\/www.every-parts.com\/wp-content\/uploads\/2024\/09\/Slides-schema-1-1024x917.png"},{"@type":"BreadcrumbList","@id":"https:\/\/www.every-parts.com\/interface-prestashop\/#breadcrumb","itemListElement":[{"@type":"ListItem","position":1,"name":"Accueil","item":"https:\/\/www.every-parts.com\/"},{"@type":"ListItem","position":2,"name":"Ecommerce Prestashop"}]},{"@type":"WebSite","@id":"https:\/\/www.every-parts.com\/#website","url":"https:\/\/www.every-parts.com\/","name":"EveryParts","description":"","publisher":{"@id":"https:\/\/www.every-parts.com\/#organization"},"potentialAction":[{"@type":"SearchAction","target":{"@type":"EntryPoint","urlTemplate":"https:\/\/www.every-parts.com\/?s={search_term_string}"},"query-input":{"@type":"PropertyValueSpecification","valueRequired":true,"valueName":"search_term_string"}}],"inLanguage":"en-GB"},{"@type":"Organization","@id":"https:\/\/www.every-parts.com\/#organization","name":"EveryParts","url":"https:\/\/www.every-parts.com\/","logo":{"@type":"ImageObject","inLanguage":"en-GB","@id":"https:\/\/www.every-parts.com\/#\/schema\/logo\/image\/","url":"https:\/\/www.every-parts.com\/wp-content\/uploads\/2024\/09\/logo-everyparts-darkgreen.png","contentUrl":"https:\/\/www.every-parts.com\/wp-content\/uploads\/2024\/09\/logo-everyparts-darkgreen.png","width":1080,"height":208,"caption":"EveryParts"},"image":{"@id":"https:\/\/www.every-parts.com\/#\/schema\/logo\/image\/"}}]}},"_links":{"self":[{"href":"https:\/\/www.every-parts.com\/en\/wp-json\/wp\/v2\/pages\/266","targetHints":{"allow":["GET"]}}],"collection":[{"href":"https:\/\/www.every-parts.com\/en\/wp-json\/wp\/v2\/pages"}],"about":[{"href":"https:\/\/www.every-parts.com\/en\/wp-json\/wp\/v2\/types\/page"}],"author":[{"embeddable":true,"href":"https:\/\/www.every-parts.com\/en\/wp-json\/wp\/v2\/users\/1"}],"replies":[{"embeddable":true,"href":"https:\/\/www.every-parts.com\/en\/wp-json\/wp\/v2\/comments?post=266"}],"version-history":[{"count":71,"href":"https:\/\/www.every-parts.com\/en\/wp-json\/wp\/v2\/pages\/266\/revisions"}],"predecessor-version":[{"id":2650,"href":"https:\/\/www.every-parts.com\/en\/wp-json\/wp\/v2\/pages\/266\/revisions\/2650"}],"wp:attachment":[{"href":"https:\/\/www.every-parts.com\/en\/wp-json\/wp\/v2\/media?parent=266"}],"curies":[{"name":"wp","href":"https:\/\/api.w.org\/{rel}","templated":true}]}}