{"id":1616,"date":"2024-09-30T16:08:17","date_gmt":"2024-09-30T14:08:17","guid":{"rendered":"https:\/\/dev.every-parts.com\/?page_id=1616"},"modified":"2026-03-30T15:38:49","modified_gmt":"2026-03-30T13:38:49","slug":"legal-information-2","status":"publish","type":"page","link":"https:\/\/www.every-parts.com\/en\/mentions-legales\/","title":{"rendered":"Legal information"},"content":{"rendered":"<div data-elementor-type=\"wp-page\" data-elementor-id=\"1616\" class=\"elementor elementor-1616\" data-elementor-post-type=\"page\">\n\t\t\t\t<div class=\"elementor-element elementor-element-323a074 e-flex e-con-boxed e-con e-parent\" data-id=\"323a074\" data-element_type=\"container\" data-e-type=\"container\" data-settings=\"{&quot;background_background&quot;:&quot;classic&quot;,&quot;jet_parallax_layout_list&quot;:[]}\">\n\t\t\t\t\t<div class=\"e-con-inner\">\n\t\t\t\t<div class=\"elementor-element elementor-element-6ca8c34 elementor-widget__width-inherit elementor-widget elementor-widget-heading\" data-id=\"6ca8c34\" data-element_type=\"widget\" data-e-type=\"widget\" data-widget_type=\"heading.default\">\n\t\t\t\t<div class=\"elementor-widget-container\">\n\t\t\t\t\t<h1 class=\"elementor-heading-title elementor-size-default\">Legal information<\/h1>\t\t\t\t<\/div>\n\t\t\t\t<\/div>\n\t\t\t\t<div class=\"elementor-element elementor-element-93a5739 elementor-widget__width-inherit elementor-widget elementor-widget-text-editor\" data-id=\"93a5739\" data-element_type=\"widget\" data-e-type=\"widget\" data-widget_type=\"text-editor.default\">\n\t\t\t\t<div class=\"elementor-widget-container\">\n\t\t\t\t\t\t\t\t\t<div class=\"zpelement zpelem-text\" data-element-id=\"elm_SIqWr1jcYYdm1wdcfTRwVA\" data-element-type=\"text\"><div class=\"zptext zptext-align-left\" data-editor=\"true\"><h2>Editions<\/h2><p>The www.every-parts.com site is the full and entire property of Ukoo.<\/p><p>EverParts SARL - Mulhouse<\/p><p>Telephone: 03 89 64 05 12<\/p><p>Share capital: \u20ac30,000.00<\/p><p>RCS: Mulhouse B 995373073<\/p><p>TVA Intra. FR33995373073<\/p><p>Publication managers: Fr\u00e9d\u00e9ric Vogel, Guillaume HEID<\/p><p>Hosted by : <a href=\"https:\/\/www.infomaniak.com\/fr\">https:\/\/www.infomaniak.com\/fr<\/a><\/p><h2>TRADEMARKS - INTELLECTUAL PROPERTY<\/h2><p>All product names and brands or other trademarks mentioned on this site are the property of their respective owners. The sources mentioned retain their rights. All texts, photos, videos, images, drawings, animated sequences and all works that can be consulted on the site are protected by copyright. Any reproduction, even partial, must be requested from the publication manager or the webmaster.<\/p><h2>MALFUNCTION - VIRUS<\/h2><p>The owner of the site cannot be held responsible for any direct or indirect damage resulting from the use of this website, or from the impossibility for a third party to use it, or from a malfunction, an interruption, a virus or a line or system problem.<\/p><h2>COOKIES<\/h2><p>For statistical and display purposes, this site uses cookies. These are small text files stored on your hard drive to record technical data about your browsing. Some parts of this site cannot be used without accepting cookies.<\/p><h2>RESPONSIBILITY<\/h2><p>Ukoo is not responsible for the content and environment of external sites to which the www.ukoo.fr site may refer (in particular via hypertext links).<\/p><p>The establishment of hypertext links by third parties to pages or documents on the Ukoo site is authorised provided that the links do not contravene the interests of Ukoo and that they guarantee the possibility for the user to identify the origin and the author of the document.<\/p><p>Ukoo cannot be held responsible in any way for the content of the information on this site or for the consequences that may result from its use or interpretation.<\/p><p>Consultation of the Every-Parts.com site presupposes that the Internet user accepts the terms and conditions specified above.<\/p><h2>IMAGE RIGHTS<\/h2><p>Ukoo<\/p><p>\u00a9 fotolia.fr<\/p><p>thenounproject.com<\/p><\/div><\/div>\t\t\t\t\t\t\t\t<\/div>\n\t\t\t\t<\/div>\n\t\t\t\t\t<\/div>\n\t\t\t\t<\/div>\n\t\t\t\t<\/div>","protected":false},"excerpt":{"rendered":"<p>Mentions l\u00e9gales Editions Le site www.every-parts.com est la propri\u00e9t\u00e9 pleine et enti\u00e8re de Ukoo. EverParts SARL &#8211; Mulhouse T\u00e9l\u00e9phone :\u00a003 89 64 05 12 Capital social : 30 000,00 \u20ac RCS : Mulhouse B 995373073 TVA Intra. : FR33995373073 Responsables de publication : Fr\u00e9d\u00e9ric Vogel, Guillaume HEID H\u00e9bergeur : https:\/\/www.infomaniak.com\/fr MARQUES &#8211; PROPRI\u00c9T\u00c9 INTELLECTUELLE Tous [&hellip;]<\/p>\n","protected":false},"author":1,"featured_media":0,"parent":0,"menu_order":0,"comment_status":"closed","ping_status":"closed","template":"","meta":{"footnotes":""},"class_list":["post-1616","page","type-page","status-publish","hentry"],"yoast_head":"<!-- This site is optimized with the Yoast SEO plugin v27.3 - https:\/\/yoast.com\/product\/yoast-seo-wordpress\/ -->\n<title>Mentions l\u00e9gales - EveryParts<\/title>\n<meta name=\"robots\" content=\"index, follow, max-snippet:-1, max-image-preview:large, max-video-preview:-1\" \/>\n<link rel=\"canonical\" href=\"https:\/\/www.every-parts.com\/en\/legal-information-2\/\" \/>\n<meta property=\"og:locale\" content=\"en_GB\" \/>\n<meta property=\"og:type\" content=\"article\" \/>\n<meta property=\"og:title\" content=\"Mentions l\u00e9gales - EveryParts\" \/>\n<meta property=\"og:description\" content=\"Mentions l\u00e9gales Editions Le site www.every-parts.com est la propri\u00e9t\u00e9 pleine et enti\u00e8re de Ukoo. EverParts SARL &#8211; Mulhouse T\u00e9l\u00e9phone :\u00a003 89 64 05 12 Capital social : 30 000,00 \u20ac RCS : Mulhouse B 995373073 TVA Intra. : FR33995373073 Responsables de publication : Fr\u00e9d\u00e9ric Vogel, Guillaume HEID H\u00e9bergeur : https:\/\/www.infomaniak.com\/fr MARQUES &#8211; PROPRI\u00c9T\u00c9 INTELLECTUELLE Tous [&hellip;]\" \/>\n<meta property=\"og:url\" content=\"https:\/\/www.every-parts.com\/en\/legal-information-2\/\" \/>\n<meta property=\"og:site_name\" content=\"EveryParts\" \/>\n<meta property=\"article:modified_time\" content=\"2026-03-30T13:38:49+00:00\" \/>\n<meta name=\"twitter:card\" content=\"summary_large_image\" \/>\n<meta name=\"twitter:label1\" content=\"Estimated reading time\" \/>\n\t<meta name=\"twitter:data1\" content=\"2 minutes\" \/>\n<script type=\"application\/ld+json\" class=\"yoast-schema-graph\">{\"@context\":\"https:\\\/\\\/schema.org\",\"@graph\":[{\"@type\":\"WebPage\",\"@id\":\"https:\\\/\\\/www.every-parts.com\\\/mentions-legales\\\/\",\"url\":\"https:\\\/\\\/www.every-parts.com\\\/mentions-legales\\\/\",\"name\":\"Mentions l\u00e9gales - EveryParts\",\"isPartOf\":{\"@id\":\"https:\\\/\\\/www.every-parts.com\\\/#website\"},\"datePublished\":\"2024-09-30T14:08:17+00:00\",\"dateModified\":\"2026-03-30T13:38:49+00:00\",\"breadcrumb\":{\"@id\":\"https:\\\/\\\/www.every-parts.com\\\/mentions-legales\\\/#breadcrumb\"},\"inLanguage\":\"en-GB\",\"potentialAction\":[{\"@type\":\"ReadAction\",\"target\":[\"https:\\\/\\\/www.every-parts.com\\\/mentions-legales\\\/\"]}]},{\"@type\":\"BreadcrumbList\",\"@id\":\"https:\\\/\\\/www.every-parts.com\\\/mentions-legales\\\/#breadcrumb\",\"itemListElement\":[{\"@type\":\"ListItem\",\"position\":1,\"name\":\"Accueil\",\"item\":\"https:\\\/\\\/www.every-parts.com\\\/\"},{\"@type\":\"ListItem\",\"position\":2,\"name\":\"Mentions l\u00e9gales\"}]},{\"@type\":\"WebSite\",\"@id\":\"https:\\\/\\\/www.every-parts.com\\\/#website\",\"url\":\"https:\\\/\\\/www.every-parts.com\\\/\",\"name\":\"EveryParts\",\"description\":\"\",\"publisher\":{\"@id\":\"https:\\\/\\\/www.every-parts.com\\\/#organization\"},\"potentialAction\":[{\"@type\":\"SearchAction\",\"target\":{\"@type\":\"EntryPoint\",\"urlTemplate\":\"https:\\\/\\\/www.every-parts.com\\\/?s={search_term_string}\"},\"query-input\":{\"@type\":\"PropertyValueSpecification\",\"valueRequired\":true,\"valueName\":\"search_term_string\"}}],\"inLanguage\":\"en-GB\"},{\"@type\":\"Organization\",\"@id\":\"https:\\\/\\\/www.every-parts.com\\\/#organization\",\"name\":\"EveryParts\",\"url\":\"https:\\\/\\\/www.every-parts.com\\\/\",\"logo\":{\"@type\":\"ImageObject\",\"inLanguage\":\"en-GB\",\"@id\":\"https:\\\/\\\/www.every-parts.com\\\/#\\\/schema\\\/logo\\\/image\\\/\",\"url\":\"https:\\\/\\\/www.every-parts.com\\\/wp-content\\\/uploads\\\/2024\\\/09\\\/logo-everyparts-darkgreen.png\",\"contentUrl\":\"https:\\\/\\\/www.every-parts.com\\\/wp-content\\\/uploads\\\/2024\\\/09\\\/logo-everyparts-darkgreen.png\",\"width\":1080,\"height\":208,\"caption\":\"EveryParts\"},\"image\":{\"@id\":\"https:\\\/\\\/www.every-parts.com\\\/#\\\/schema\\\/logo\\\/image\\\/\"}}]}<\/script>\n<!-- \/ Yoast SEO plugin. -->","yoast_head_json":{"title":"Legal information - EveryParts","robots":{"index":"index","follow":"follow","max-snippet":"max-snippet:-1","max-image-preview":"max-image-preview:large","max-video-preview":"max-video-preview:-1"},"canonical":"https:\/\/www.every-parts.com\/en\/legal-information-2\/","og_locale":"en_GB","og_type":"article","og_title":"Mentions l\u00e9gales - EveryParts","og_description":"Mentions l\u00e9gales Editions Le site www.every-parts.com est la propri\u00e9t\u00e9 pleine et enti\u00e8re de Ukoo. EverParts SARL &#8211; Mulhouse T\u00e9l\u00e9phone :\u00a003 89 64 05 12 Capital social : 30 000,00 \u20ac RCS : Mulhouse B 995373073 TVA Intra. : FR33995373073 Responsables de publication : Fr\u00e9d\u00e9ric Vogel, Guillaume HEID H\u00e9bergeur : https:\/\/www.infomaniak.com\/fr MARQUES &#8211; PROPRI\u00c9T\u00c9 INTELLECTUELLE Tous [&hellip;]","og_url":"https:\/\/www.every-parts.com\/en\/legal-information-2\/","og_site_name":"EveryParts","article_modified_time":"2026-03-30T13:38:49+00:00","twitter_card":"summary_large_image","twitter_misc":{"Estimated reading time":"2 minutes"},"schema":{"@context":"https:\/\/schema.org","@graph":[{"@type":"WebPage","@id":"https:\/\/www.every-parts.com\/mentions-legales\/","url":"https:\/\/www.every-parts.com\/mentions-legales\/","name":"Legal information - EveryParts","isPartOf":{"@id":"https:\/\/www.every-parts.com\/#website"},"datePublished":"2024-09-30T14:08:17+00:00","dateModified":"2026-03-30T13:38:49+00:00","breadcrumb":{"@id":"https:\/\/www.every-parts.com\/mentions-legales\/#breadcrumb"},"inLanguage":"en-GB","potentialAction":[{"@type":"ReadAction","target":["https:\/\/www.every-parts.com\/mentions-legales\/"]}]},{"@type":"BreadcrumbList","@id":"https:\/\/www.every-parts.com\/mentions-legales\/#breadcrumb","itemListElement":[{"@type":"ListItem","position":1,"name":"Accueil","item":"https:\/\/www.every-parts.com\/"},{"@type":"ListItem","position":2,"name":"Mentions l\u00e9gales"}]},{"@type":"WebSite","@id":"https:\/\/www.every-parts.com\/#website","url":"https:\/\/www.every-parts.com\/","name":"EveryParts","description":"","publisher":{"@id":"https:\/\/www.every-parts.com\/#organization"},"potentialAction":[{"@type":"SearchAction","target":{"@type":"EntryPoint","urlTemplate":"https:\/\/www.every-parts.com\/?s={search_term_string}"},"query-input":{"@type":"PropertyValueSpecification","valueRequired":true,"valueName":"search_term_string"}}],"inLanguage":"en-GB"},{"@type":"Organization","@id":"https:\/\/www.every-parts.com\/#organization","name":"EveryParts","url":"https:\/\/www.every-parts.com\/","logo":{"@type":"ImageObject","inLanguage":"en-GB","@id":"https:\/\/www.every-parts.com\/#\/schema\/logo\/image\/","url":"https:\/\/www.every-parts.com\/wp-content\/uploads\/2024\/09\/logo-everyparts-darkgreen.png","contentUrl":"https:\/\/www.every-parts.com\/wp-content\/uploads\/2024\/09\/logo-everyparts-darkgreen.png","width":1080,"height":208,"caption":"EveryParts"},"image":{"@id":"https:\/\/www.every-parts.com\/#\/schema\/logo\/image\/"}}]}},"_links":{"self":[{"href":"https:\/\/www.every-parts.com\/en\/wp-json\/wp\/v2\/pages\/1616","targetHints":{"allow":["GET"]}}],"collection":[{"href":"https:\/\/www.every-parts.com\/en\/wp-json\/wp\/v2\/pages"}],"about":[{"href":"https:\/\/www.every-parts.com\/en\/wp-json\/wp\/v2\/types\/page"}],"author":[{"embeddable":true,"href":"https:\/\/www.every-parts.com\/en\/wp-json\/wp\/v2\/users\/1"}],"replies":[{"embeddable":true,"href":"https:\/\/www.every-parts.com\/en\/wp-json\/wp\/v2\/comments?post=1616"}],"version-history":[{"count":6,"href":"https:\/\/www.every-parts.com\/en\/wp-json\/wp\/v2\/pages\/1616\/revisions"}],"predecessor-version":[{"id":3515,"href":"https:\/\/www.every-parts.com\/en\/wp-json\/wp\/v2\/pages\/1616\/revisions\/3515"}],"wp:attachment":[{"href":"https:\/\/www.every-parts.com\/en\/wp-json\/wp\/v2\/media?parent=1616"}],"curies":[{"name":"wp","href":"https:\/\/api.w.org\/{rel}","templated":true}]}}